{"id":1458,"date":"2018-04-26T08:30:56","date_gmt":"2018-04-26T06:30:56","guid":{"rendered":"https:\/\/www.eurominerals.at\/\/?page_id=1458\/"},"modified":"2024-12-06T11:48:05","modified_gmt":"2024-12-06T10:48:05","slug":"privacy","status":"publish","type":"page","link":"https:\/\/www.euromineralspolska.com\/en\/privacy\/","title":{"rendered":"Privacy"},"content":{"rendered":"<p>[et_pb_section bb_built=&#8221;1&#8243; admin_label=&#8221;section&#8221; _builder_version=&#8221;3.0.47&#8243;][et_pb_row admin_label=&#8221;row&#8221; _builder_version=&#8221;3.0.47&#8243; background_size=&#8221;initial&#8221; background_position=&#8221;top_left&#8221; background_repeat=&#8221;repeat&#8221;][et_pb_column type=&#8221;4_4&#8243;][et_pb_text _builder_version=&#8221;3.4&#8243; background_size=&#8221;initial&#8221; background_position=&#8221;top_left&#8221; background_repeat=&#8221;repeat&#8221; use_border_color=&#8221;off&#8221;]<\/p>\n<h1>Privacy<\/h1>\n<h2>Information for customers<\/h2>\n<p>We, euroMinerals, attach great importance to the protection of your personal data. For this reason, in accordance with relevant data protection provisions \u2013 particularly the General Data Protection Regulation (GDPR) \u2013 we inform you about the collection, processing and use of your data within the scope of your customer relationship with us.<br \/>\nWithin the scope of your customer relationship, we process the following data:<br \/>\n\u2022 Name<br \/>\n\u2022 Address<br \/>\n\u2022 Contact data, such as phone number, fax number, e-mail address (also from contact persons of customers)<br \/>\n\u2022 Internal customer-specific data such as customer number, customer type or category<br \/>\n\u2022 Subject of the delivery or service<br \/>\n\u2022 Payment information, such as payment terms, scale of discount<\/p>\n<p>If you are not in direct customer contact with us, yet we are nevertheless processing your personal data necessary for the performance of the contract, this data has been submitted to us for this purpose by persons authorized by you (e.g. processor, construction company, intermediate trade).<\/p>\n<p><strong>Purpose of the data processing \/ disclosure of the data<\/strong><br \/>\nWe use your personal data for the contractual or pre-contractual fulfilment of our business activities based on Art. 6 para. 1 letter b GDPR. In addition, we have a legitimate interest to use the data for statistical analysis to optimally adapt our products to the market.<br \/>\nWe are also interested in keeping our customers regularly updated with regard to our products. Several recipients receive personal data for the handling of the processing. These are:<br \/>\n\u2022 IT service providers for the operation and support of the IT infrastructure<br \/>\n\u2022 Forwarding agencies for the delivery of our products<br \/>\n\u2022 Mail service providers for sending newsletters.<\/p>\n<p>A disclosure of data to third parties does not take place, unless the issuance of data is necessary for the establishment, exercise or defence of legal claims before a court or public authority. In such a case, the data is erased immediately after such proceedings have ended.<\/p>\n<p><strong>Retention period<\/strong><br \/>\nIn Austria, legal retention periods apply to business documents, with which we of course legally comply. If there is no further legal basis, the data will be erased immediately. This does not take place, if data is necessary for the establishment, exercise or defence of legal claims before a court or public authority.<\/p>\n<p><strong>Data security<\/strong><br \/>\nWe will treat and store your personal information and personal data with the utmost care and only use it for the specified purposes. The regulations of the GDPR and the DPA are of course observed and ensured in particular through appropriate organizational and technical measures.<\/p>\n<p><strong>Your rights<\/strong><br \/>\nYou have at any time the right of access to information on whether and which personal data about you is stored with us. We will gladly answer further questions on the subject of data protection.<br \/>\nFurthermore, you have a right to rectification, erasure, restriction of processing, data portability, objection and blocking of inaccurate or unlawfully processed data.<br \/>\nPlease direct such a request to the e-mail address <a href=\"mailto:privacy@eurominerals.com\">privacy@eurominerals.com<\/a>.<br \/>\nIf you believe that the processing of your personal data by us is contrary to the data protection law or that your privacy rights have been violated, there is also the possibility to complain to the supervisory authority. The competent supervisory authority in Austria is the Austrian Data Protection Authority.<\/p>\n<h2>Information for potential customers and prospects<\/h2>\n<p>We, euroMinerals, attach great importance to the protection of your personal data. For this reason, in accordance with relevant data protection provisions \u2013 particularly the General Data Protection Regulation (GDPR) \u2013 we inform you about the collection, processing and use of your data within the scope of your potential customer relationship with us.<br \/>\nWithin the scope of your potential customer relationship, we process the following data:<br \/>\n\u2022 Name<br \/>\n\u2022 Address<br \/>\n\u2022 Contact data, such as phone number, fax number, e-mail address<br \/>\n\u2022 Internal customer-specific data such as customer number, customer type or category<\/p>\n<p><strong>Purpose of the data processing \/ disclosure of the data<\/strong><br \/>\nWe use your personal data for the pre-contractual fulfilment of our business activities on the basis of Art. 6 para. 1 letter b GDPR.<br \/>\nWe have commissioned an IT service provider for the operation and support of the IT infrastructure. He has access to personal data if support is required.<br \/>\nA disclosure of data to third parties does not take place, unless the issuance of data is necessary for the establishment, exercise or defence of legal claims before a court or public authority. In such a case, the data is erased immediately after such proceedings have ended.<\/p>\n<p><strong>Retention period<\/strong><br \/>\nIn Austria, legal retention periods apply to business documents, with which we of course legally comply. If there is no further legal basis, the data will be erased immediately. This does not take place, if data is necessary for the establishment, exercise or defence of legal claims before a court or public authority.<\/p>\n<p><strong>Data security<\/strong><br \/>\nWe will treat and store your personal information and personal data with the utmost care and only use it for the specified purposes. The regulations of the GDPR and the DPA are of course observed and ensured in particular through appropriate organizational and technical measures.<\/p>\n<p><strong>Your rights<\/strong><br \/>\nYou have at any time the right of access to information on whether and which personal data about you is stored with us. We will gladly answer further questions on the subject of data protection.<br \/>\nFurthermore, you have a right to rectification, erasure, restriction of processing, data portability, objection and blocking of inaccurate or unlawfully processed data.<br \/>\nPlease direct such a request to the e-mail address <a href=\"mailto:privacy@eurominerals.com\">privacy@eurominerals.com<\/a>.<br \/>\nIf you believe that the processing of your personal data by us is contrary to the data protection law or that your privacy rights have been violated, there is also the possibility to complain to the supervisory authority. The competent supervisory authority in Austria is the Austrian Data Protection Authority.<\/p>\n<h2>Information for suppliers<\/h2>\n<p>We, euroMinerals, attach great importance to the protection of your personal data. For this reason, in accordance with relevant data protection provisions \u2013 particularly the General Data Protection Regulation (GDPR) \u2013 we inform you about the collection, processing and use of your data within the scope of your supplier relationship with us.<br \/>\nWithin the scope of your supplier relationship, we process the following data:<br \/>\n\u2022 Name<br \/>\n\u2022 Address<br \/>\n\u2022 Contact person<br \/>\n\u2022 Contact data, such as phone number, fax number, e-mail address (also from contact persons of the supplier)<br \/>\n\u2022 Internal customer-specific data such as supplier number<br \/>\n\u2022 Subject of the delivery or service<br \/>\n\u2022 Payment information, such as payment terms, scale of discount<\/p>\n<p><strong>Purpose of the data processing \/ disclosure of the data<\/strong><br \/>\nWe use your personal data for the contractual or pre-contractual fulfilment of our business activities based on Art. 6 para. 1 letter b GDPR.<br \/>\nWe have commissioned an IT service provider for the operation and support of the IT infrastructure. He has access to personal data if support is required.<br \/>\nA disclosure of data to third parties does not take place, unless the issuance of data is necessary for the establishment, exercise or defence of legal claims before a court or public authority. In such a case, the data is erased immediately after such proceedings have ended.<\/p>\n<p><strong>Retention period<\/strong><br \/>\nIn Austria, legal retention periods apply to business documents, with which we of course legally comply. If there is no further legal basis, the data will be erased immediately. This does not take place, if data is necessary for the establishment, exercise or defence of legal claims before a court or public authority.<\/p>\n<p><strong>Data security<\/strong><br \/>\nWe will treat and store your personal information and personal data with the utmost care and only use it for the specified purposes. The regulations of the GDPR and the DPA are of course observed and ensured in particular through appropriate organizational and technical measures.<\/p>\n<p><strong>Your rights<\/strong><br \/>\nYou have at any time the right of access to information on whether and which personal data about you is stored with us. We will gladly answer further questions on the subject of data protection.<br \/>\nFurthermore, you have a right to rectification, erasure, restriction of processing, data portability, objection and blocking of inaccurate or unlawfully processed data.<br \/>\nPlease direct such a request to the e-mail address <a href=\"mailto:privacy@eurominerals.com\">privacy@eurominerals.com<\/a>.<br \/>\nIf you believe that the processing of your personal data by us is contrary to the data protection law or that your privacy rights have been violated, there is also the possibility to complain to the supervisory authority. The competent supervisory authority in Austria is the Austrian Data Protection Authority.<br \/>\n<span class=\"borlabs-cookie-open-dialog-preferences brlbs-cmpnt-container\" data-borlabs-cookie-title=\"Change Cookies\" data-borlabs-cookie-type=\"button\" ><\/span><\/p>\n<p>[\/et_pb_text][\/et_pb_column][\/et_pb_row][\/et_pb_section]<\/p>\n","protected":false},"excerpt":{"rendered":"<p>[et_pb_section bb_built=&#8221;1&#8243; admin_label=&#8221;section&#8221; _builder_version=&#8221;3.0.47&#8243;][et_pb_row admin_label=&#8221;row&#8221; _builder_version=&#8221;3.0.47&#8243; background_size=&#8221;initial&#8221; background_position=&#8221;top_left&#8221; background_repeat=&#8221;repeat&#8221;][et_pb_column type=&#8221;4_4&#8243;][et_pb_text _builder_version=&#8221;3.4&#8243; background_size=&#8221;initial&#8221; background_position=&#8221;top_left&#8221; background_repeat=&#8221;repeat&#8221; use_border_color=&#8221;off&#8221;] Privacy Information for customers We, euroMinerals, attach great importance to the protection of your personal data. For this reason, in accordance with relevant data protection provisions \u2013 particularly the General Data Protection Regulation (GDPR) \u2013 we inform you about the [&hellip;]<\/p>\n","protected":false},"author":4,"featured_media":0,"parent":0,"menu_order":0,"comment_status":"closed","ping_status":"closed","template":"","meta":{"_acf_changed":false,"footnotes":""},"class_list":["post-1458","page","type-page","status-publish","hentry"],"acf":[],"yoast_head":"<!-- This site is optimized with the Yoast SEO plugin v23.9 - https:\/\/yoast.com\/wordpress\/plugins\/seo\/ -->\n<title>Privacy | euroMinerals<\/title>\n<meta name=\"description\" content=\"Wir bieten hochwertige Mineralien und Rohstoffe f\u00fcr verschiedene Industrien. Mit erstklassigem Service und globaler Expertise sind wir Ihr zuverl\u00e4ssiger Partner f\u00fcr nachhaltige und ma\u00dfgeschneiderte L\u00f6sungen. | euroMinerals\" \/>\n<meta name=\"robots\" content=\"index, follow, max-snippet:-1, max-image-preview:large, max-video-preview:-1\" \/>\n<link rel=\"canonical\" href=\"https:\/\/www.euromineralspolska.com\/en\/privacy\/\" \/>\n<meta property=\"og:locale\" content=\"en_US\" \/>\n<meta property=\"og:type\" content=\"article\" \/>\n<meta property=\"og:title\" content=\"Privacy | euroMinerals\" \/>\n<meta property=\"og:description\" content=\"Wir bieten hochwertige Mineralien und Rohstoffe f\u00fcr verschiedene Industrien. Mit erstklassigem Service und globaler Expertise sind wir Ihr zuverl\u00e4ssiger Partner f\u00fcr nachhaltige und ma\u00dfgeschneiderte L\u00f6sungen. | euroMinerals\" \/>\n<meta property=\"og:url\" content=\"https:\/\/www.euromineralspolska.com\/en\/privacy\/\" \/>\n<meta property=\"og:site_name\" content=\"euroMinerals\" \/>\n<meta property=\"article:publisher\" content=\"https:\/\/www.facebook.com\/euroMinerals\/?locale=de_DE\" \/>\n<meta property=\"article:modified_time\" content=\"2024-12-06T10:48:05+00:00\" \/>\n<meta name=\"twitter:card\" content=\"summary_large_image\" \/>\n<meta name=\"twitter:label1\" content=\"Est. reading time\" \/>\n\t<meta name=\"twitter:data1\" content=\"8 minutes\" \/>\n<script type=\"application\/ld+json\" class=\"yoast-schema-graph\">{\"@context\":\"https:\/\/schema.org\",\"@graph\":[{\"@type\":\"WebPage\",\"@id\":\"https:\/\/www.euromineralspolska.com\/en\/privacy\/\",\"url\":\"https:\/\/www.euromineralspolska.com\/en\/privacy\/\",\"name\":\"Privacy | euroMinerals\",\"isPartOf\":{\"@id\":\"https:\/\/www.euromineralspolska.com\/#website\"},\"datePublished\":\"2018-04-26T06:30:56+00:00\",\"dateModified\":\"2024-12-06T10:48:05+00:00\",\"description\":\"Wir bieten hochwertige Mineralien und Rohstoffe f\u00fcr verschiedene Industrien. Mit erstklassigem Service und globaler Expertise sind wir Ihr zuverl\u00e4ssiger Partner f\u00fcr nachhaltige und ma\u00dfgeschneiderte L\u00f6sungen. | euroMinerals\",\"inLanguage\":\"en-US\",\"potentialAction\":[{\"@type\":\"ReadAction\",\"target\":[\"https:\/\/www.euromineralspolska.com\/en\/privacy\/\"]}]},{\"@type\":\"WebSite\",\"@id\":\"https:\/\/www.euromineralspolska.com\/#website\",\"url\":\"https:\/\/www.euromineralspolska.com\/\",\"name\":\"euroMineralspolska\",\"description\":\"From minerals to high-tech products\",\"publisher\":{\"@id\":\"https:\/\/www.euromineralspolska.com\/#organization\"},\"alternateName\":\"euroMinerals\",\"potentialAction\":[{\"@type\":\"SearchAction\",\"target\":{\"@type\":\"EntryPoint\",\"urlTemplate\":\"https:\/\/www.euromineralspolska.com\/?s={search_term_string}\"},\"query-input\":{\"@type\":\"PropertyValueSpecification\",\"valueRequired\":true,\"valueName\":\"search_term_string\"}}],\"inLanguage\":\"en-US\"},{\"@type\":\"Organization\",\"@id\":\"https:\/\/www.euromineralspolska.com\/#organization\",\"name\":\"euroMinerals Polska Sp. z o. o.\",\"url\":\"https:\/\/www.euromineralspolska.com\/\",\"logo\":{\"@type\":\"ImageObject\",\"inLanguage\":\"en-US\",\"@id\":\"https:\/\/www.euromineralspolska.com\/#\/schema\/logo\/image\/\",\"url\":\"https:\/\/www.euromineralspolska.com\/wp-content\/uploads\/2024\/11\/Logo_EuroMinerals_web.png\",\"contentUrl\":\"https:\/\/www.euromineralspolska.com\/wp-content\/uploads\/2024\/11\/Logo_EuroMinerals_web.png\",\"width\":297,\"height\":40,\"caption\":\"euroMinerals Polska Sp. z o. o.\"},\"image\":{\"@id\":\"https:\/\/www.euromineralspolska.com\/#\/schema\/logo\/image\/\"},\"sameAs\":[\"https:\/\/www.facebook.com\/euroMinerals\/?locale=de_DE\"]}]}<\/script>\n<!-- \/ Yoast SEO plugin. -->","yoast_head_json":{"title":"Privacy | euroMinerals","description":"Wir bieten hochwertige Mineralien und Rohstoffe f\u00fcr verschiedene Industrien. Mit erstklassigem Service und globaler Expertise sind wir Ihr zuverl\u00e4ssiger Partner f\u00fcr nachhaltige und ma\u00dfgeschneiderte L\u00f6sungen. | euroMinerals","robots":{"index":"index","follow":"follow","max-snippet":"max-snippet:-1","max-image-preview":"max-image-preview:large","max-video-preview":"max-video-preview:-1"},"canonical":"https:\/\/www.euromineralspolska.com\/en\/privacy\/","og_locale":"en_US","og_type":"article","og_title":"Privacy | euroMinerals","og_description":"Wir bieten hochwertige Mineralien und Rohstoffe f\u00fcr verschiedene Industrien. Mit erstklassigem Service und globaler Expertise sind wir Ihr zuverl\u00e4ssiger Partner f\u00fcr nachhaltige und ma\u00dfgeschneiderte L\u00f6sungen. | euroMinerals","og_url":"https:\/\/www.euromineralspolska.com\/en\/privacy\/","og_site_name":"euroMinerals","article_publisher":"https:\/\/www.facebook.com\/euroMinerals\/?locale=de_DE","article_modified_time":"2024-12-06T10:48:05+00:00","twitter_card":"summary_large_image","twitter_misc":{"Est. reading time":"8 minutes"},"schema":{"@context":"https:\/\/schema.org","@graph":[{"@type":"WebPage","@id":"https:\/\/www.euromineralspolska.com\/en\/privacy\/","url":"https:\/\/www.euromineralspolska.com\/en\/privacy\/","name":"Privacy | euroMinerals","isPartOf":{"@id":"https:\/\/www.euromineralspolska.com\/#website"},"datePublished":"2018-04-26T06:30:56+00:00","dateModified":"2024-12-06T10:48:05+00:00","description":"Wir bieten hochwertige Mineralien und Rohstoffe f\u00fcr verschiedene Industrien. Mit erstklassigem Service und globaler Expertise sind wir Ihr zuverl\u00e4ssiger Partner f\u00fcr nachhaltige und ma\u00dfgeschneiderte L\u00f6sungen. | euroMinerals","inLanguage":"en-US","potentialAction":[{"@type":"ReadAction","target":["https:\/\/www.euromineralspolska.com\/en\/privacy\/"]}]},{"@type":"WebSite","@id":"https:\/\/www.euromineralspolska.com\/#website","url":"https:\/\/www.euromineralspolska.com\/","name":"euroMineralspolska","description":"From minerals to high-tech products","publisher":{"@id":"https:\/\/www.euromineralspolska.com\/#organization"},"alternateName":"euroMinerals","potentialAction":[{"@type":"SearchAction","target":{"@type":"EntryPoint","urlTemplate":"https:\/\/www.euromineralspolska.com\/?s={search_term_string}"},"query-input":{"@type":"PropertyValueSpecification","valueRequired":true,"valueName":"search_term_string"}}],"inLanguage":"en-US"},{"@type":"Organization","@id":"https:\/\/www.euromineralspolska.com\/#organization","name":"euroMinerals Polska Sp. z o. o.","url":"https:\/\/www.euromineralspolska.com\/","logo":{"@type":"ImageObject","inLanguage":"en-US","@id":"https:\/\/www.euromineralspolska.com\/#\/schema\/logo\/image\/","url":"https:\/\/www.euromineralspolska.com\/wp-content\/uploads\/2024\/11\/Logo_EuroMinerals_web.png","contentUrl":"https:\/\/www.euromineralspolska.com\/wp-content\/uploads\/2024\/11\/Logo_EuroMinerals_web.png","width":297,"height":40,"caption":"euroMinerals Polska Sp. z o. o."},"image":{"@id":"https:\/\/www.euromineralspolska.com\/#\/schema\/logo\/image\/"},"sameAs":["https:\/\/www.facebook.com\/euroMinerals\/?locale=de_DE"]}]}},"_links":{"self":[{"href":"https:\/\/www.euromineralspolska.com\/en\/wp-json\/wp\/v2\/pages\/1458"}],"collection":[{"href":"https:\/\/www.euromineralspolska.com\/en\/wp-json\/wp\/v2\/pages"}],"about":[{"href":"https:\/\/www.euromineralspolska.com\/en\/wp-json\/wp\/v2\/types\/page"}],"author":[{"embeddable":true,"href":"https:\/\/www.euromineralspolska.com\/en\/wp-json\/wp\/v2\/users\/4"}],"replies":[{"embeddable":true,"href":"https:\/\/www.euromineralspolska.com\/en\/wp-json\/wp\/v2\/comments?post=1458"}],"version-history":[{"count":8,"href":"https:\/\/www.euromineralspolska.com\/en\/wp-json\/wp\/v2\/pages\/1458\/revisions"}],"predecessor-version":[{"id":239222,"href":"https:\/\/www.euromineralspolska.com\/en\/wp-json\/wp\/v2\/pages\/1458\/revisions\/239222"}],"wp:attachment":[{"href":"https:\/\/www.euromineralspolska.com\/en\/wp-json\/wp\/v2\/media?parent=1458"}],"curies":[{"name":"wp","href":"https:\/\/api.w.org\/{rel}","templated":true}]}}