{"id":236331,"date":"2024-09-12T14:07:57","date_gmt":"2024-09-12T12:07:57","guid":{"rendered":"https:\/\/he-seocon01.ebau.at\/euromineralspolska.com?page_id=236331"},"modified":"2024-10-31T13:20:50","modified_gmt":"2024-10-31T12:20:50","slug":"adhesion-promoters","status":"publish","type":"page","link":"https:\/\/www.euromineralspolska.com\/en\/adhesion-promoters\/","title":{"rendered":"Adhesion Promoters"},"content":{"rendered":"<p>[et_pb_section bb_built=&#8221;1&#8243; admin_label=&#8221;section&#8221; module_class=&#8221;responsive-header-img&#8221; _builder_version=&#8221;3.4&#8243; max_width=&#8221;109%&#8221; next_background_color=&#8221;#000000&#8243; border_color_all=&#8221;#005ea6&#8243;][et_pb_row admin_label=&#8221;row&#8221; use_custom_width=&#8221;on&#8221; custom_width_px=&#8221;1520px&#8221; padding_top_1=&#8221;100px&#8221; padding_bottom_1=&#8221;80px&#8221; padding_left_1=&#8221;80px&#8221; padding_1_phone=&#8221;|||20px&#8221; padding_1_last_edited=&#8221;on|phone&#8221; module_class=&#8221;img-border-right-header&#8221; _builder_version=&#8221;3.4&#8243; background_image=&#8221;https:\/\/www.euromineralspolska.com\/wp-content\/uploads\/2024\/09\/adhesion-promoters-eurominerals-scaled.jpeg&#8221; background_repeat=&#8221;repeat&#8221; border_width_left=&#8221;70px&#8221; border_color_all=&#8221;#a4d78e&#8221;][et_pb_column type=&#8221;4_4&#8243;][\/et_pb_column][\/et_pb_row][\/et_pb_section][et_pb_section bb_built=&#8221;1&#8243; admin_label=&#8221;section&#8221; _builder_version=&#8221;3.4&#8243; custom_padding=&#8221;54px|0px|0|0px|false|false&#8221; prev_background_color=&#8221;#000000&#8243; next_background_color=&#8221;#000000&#8243;][et_pb_row admin_label=&#8221;row&#8221; _builder_version=&#8221;3.0.47&#8243; background_size=&#8221;initial&#8221; background_position=&#8221;top_left&#8221; background_repeat=&#8221;repeat&#8221; custom_padding=&#8221;27px|0px|0|0px|false|false&#8221;][et_pb_column type=&#8221;4_4&#8243;][et_pb_text admin_label=&#8221;\u00dcberschrift &#8221; _builder_version=&#8221;3.4&#8243; text_font=&#8221;|700|||||||&#8221; text_text_color=&#8221;#294a89&#8243; text_font_size=&#8221;75px&#8221; header_font=&#8221;Lato||||||||&#8221; header_font_size_phone=&#8221;40px&#8221; header_font_size_last_edited=&#8221;on|phone&#8221; header_line_height=&#8221;45px&#8221; header_line_height_phone=&#8221;50px&#8221; header_line_height_last_edited=&#8221;on|phone&#8221; background_size=&#8221;initial&#8221; background_position=&#8221;top_left&#8221; background_repeat=&#8221;repeat&#8221; custom_margin_phone=&#8221;||10px|&#8221; custom_margin_last_edited=&#8221;on|phone&#8221; use_border_color=&#8221;off&#8221;]<\/p>\n<h1>Adhesion Promoters<\/h1>\n<p>[\/et_pb_text][et_pb_text _builder_version=&#8221;3.4&#8243; text_font=&#8221;Lato||||||||&#8221; text_line_height=&#8221;24px&#8221; background_size=&#8221;initial&#8221; background_position=&#8221;top_left&#8221; background_repeat=&#8221;repeat&#8221; use_border_color=&#8221;off&#8221; border_color=&#8221;#ffffff&#8221; border_style=&#8221;solid&#8221;]<\/p>\n<p><strong>The VeoPox\u2122 range<\/strong> is designed as novel adhesion promoters for formulators or resin manufacturers developing direct-to-metal (DTM) systems for light-, mid- and heavy-duty systems.<\/p>\n<p>VeoPox\u2122 systems are chemical hybrid systems based on combinations of epoxy, fatty acid and (meth)acrylates. The VeoPox\u2122 range can be used as additives giving excellent adhesion and corrosion protection in systems like:<\/p>\n<p>[\/et_pb_text][et_pb_text ul_type=&#8221;square&#8221; _builder_version=&#8221;3.4&#8243; text_font=&#8221;Lato||||||||&#8221; text_line_height=&#8221;24px&#8221; ul_font=&#8221;Lato||||||||&#8221; ul_text_color=&#8221;#000000&#8243; ul_line_height=&#8221;24px&#8221; background_size=&#8221;initial&#8221; background_position=&#8221;top_left&#8221; background_repeat=&#8221;repeat&#8221; use_border_color=&#8221;off&#8221;]<\/p>\n<ul>\n<li>water-based DTM systems based on various types of binders, e.g., styrene-acrylic, alkyd, PU, etc.<\/li>\n<li>solvent-based DTM systems\/high solid\/solvent-free systems cured by peroxide or driers.<\/li>\n<li>solvent-free UV-curable DTM systems.<\/li>\n<\/ul>\n<p>[\/et_pb_text][\/et_pb_column][\/et_pb_row][\/et_pb_section][et_pb_section bb_built=&#8221;1&#8243; admin_label=&#8221;section&#8221; module_class=&#8221;responsive-img&#8221; _builder_version=&#8221;3.4&#8243; custom_margin=&#8221;|||&#8221; custom_margin_phone=&#8221;-115px|||&#8221; custom_margin_last_edited=&#8221;on|phone&#8221; custom_padding=&#8221;29px|0px|25px|0px|false|false&#8221; prev_background_color=&#8221;#000000&#8243; next_background_color=&#8221;#000000&#8243;][et_pb_row admin_label=&#8221;row&#8221; _builder_version=&#8221;3.4&#8243; background_size=&#8221;initial&#8221; background_position=&#8221;top_left&#8221; background_repeat=&#8221;repeat&#8221; custom_margin_phone=&#8221;-50px|||&#8221; custom_margin_last_edited=&#8221;on|phone&#8221; custom_padding=&#8221;0|0px|27px|0px|false|false&#8221;][et_pb_column type=&#8221;4_4&#8243;][et_pb_text admin_label=&#8221;\u00dcberschrift &#8221; _builder_version=&#8221;3.4&#8243; text_font=&#8221;|700|||||||&#8221; text_text_color=&#8221;#294a89&#8243; text_font_size=&#8221;40px&#8221; text_line_height=&#8221;48px&#8221; header_font_size=&#8221;75&#8243; header_line_height=&#8221;75px&#8221; header_2_font=&#8221;Lato||||||||&#8221; header_2_font_size_phone=&#8221;30px&#8221; header_2_font_size_last_edited=&#8221;on|phone&#8221; header_2_line_height=&#8221;39px&#8221; header_2_line_height_phone=&#8221;35px&#8221; header_2_line_height_last_edited=&#8221;on|desktop&#8221; background_size=&#8221;initial&#8221; background_position=&#8221;top_left&#8221; background_repeat=&#8221;repeat&#8221; custom_margin_phone=&#8221;20px||10px|&#8221; custom_margin_last_edited=&#8221;on|phone&#8221; use_border_color=&#8221;off&#8221;]<\/p>\n<h2>VeoPox\u2122 range<\/h2>\n<p>[\/et_pb_text][et_pb_text _builder_version=&#8221;3.4&#8243; text_font=&#8221;Lato||||||||&#8221; text_line_height=&#8221;24px&#8221; background_size=&#8221;initial&#8221; background_position=&#8221;top_left&#8221; background_repeat=&#8221;repeat&#8221; use_border_color=&#8221;off&#8221; border_color=&#8221;#ffffff&#8221; border_style=&#8221;solid&#8221;]<\/p>\n<p>The VeoPox\u2122 additives are reactive hybrid precursors for direct-to-metal coatings and adhesive resin systems. It improves the adhesive and anti-corrosion properties of water- and solvent-based direct-to-metal coating systems. Significantly boosts the salt spray and condensation resistance of coatings.<\/p>\n<p>The VeoPox\u2122 range is based on two types of epoxy resins, <strong>VeoPox\u2122 2<\/strong> is a modified bisphenol-A resin and <strong>VeoPox\u2122 3<\/strong> is a modified bisphenol-F epoxy resin. The <strong>VeoPox\u2122 2S<\/strong> and <strong>VeoPox\u2122 3S<\/strong> grades are modified with silane technology to boost the adhesion and anticorrosive properties of the coating system even further. It is also possible for those skilled in the art, to incorporate VeoPox\u2122 in acrylic, styrene\/acrylic and VeoVa\u2122 polymer dispersions via mini emulsion\/mass transfer techniques creating even more interesting chemical hybrid systems for water-based DTM applications.<\/p>\n<p>[\/et_pb_text][\/et_pb_column][\/et_pb_row][et_pb_row module_class_1=&#8221;mob-col-2&#8243; module_class_2=&#8221;mob-col-1&#8243; module_class=&#8221;order-mobil-row&#8221; _builder_version=&#8221;3.4&#8243; background_size=&#8221;initial&#8221; background_position=&#8221;top_left&#8221; background_repeat=&#8221;repeat&#8221; custom_padding=&#8221;27px|0px|0|0px|false|false&#8221;][et_pb_column type=&#8221;1_2&#8243;][et_pb_text admin_label=&#8221;\u00dcberschrift Anwendungen&#8221; _builder_version=&#8221;3.4&#8243; text_font=&#8221;Lato||||||||&#8221; text_line_height=&#8221;24px&#8221; header_3_font=&#8221;Lato||||||||&#8221; header_3_line_height=&#8221;33px&#8221; background_size=&#8221;initial&#8221; background_position=&#8221;top_left&#8221; background_repeat=&#8221;repeat&#8221; custom_margin_phone=&#8221;50px||1px|&#8221; custom_margin_last_edited=&#8221;on|phone&#8221; use_border_color=&#8221;off&#8221; border_color=&#8221;#ffffff&#8221; border_style=&#8221;solid&#8221;]<\/p>\n<h3>Benefits<\/h3>\n<p>[\/et_pb_text][et_pb_text ul_type=&#8221;square&#8221; _builder_version=&#8221;3.4&#8243; text_font=&#8221;Lato||||||||&#8221; text_line_height=&#8221;24px&#8221; ul_font=&#8221;Lato||||||||&#8221; ul_text_color=&#8221;#000000&#8243; ul_line_height=&#8221;24px&#8221; background_size=&#8221;initial&#8221; background_position=&#8221;top_left&#8221; background_repeat=&#8221;repeat&#8221; use_border_color=&#8221;off&#8221;]<\/p>\n<ul>\n<li>excellent adhesion promoter for metal substrates<\/li>\n<li>greatly increases anticorrosive properties and chemical resistance<\/li>\n<li>suitable for water-based and solvent-based systems<\/li>\n<li>polymerizable hybrid precursor<\/li>\n<li>can replace anti-corrosive pigments like zinc phosphates<\/li>\n<li>increases surface toughness<\/li>\n<li>solvent-free (reactive dilutant, VeoVa 10)<\/li>\n<\/ul>\n<p>[\/et_pb_text][\/et_pb_column][et_pb_column type=&#8221;1_2&#8243;][et_pb_text admin_label=&#8221;\u00dcberschrift Eigenschaften&#8221; _builder_version=&#8221;3.4&#8243; header_3_font=&#8221;Lato||||||||&#8221; header_3_line_height=&#8221;33px&#8221; background_size=&#8221;initial&#8221; background_position=&#8221;top_left&#8221; background_repeat=&#8221;repeat&#8221; custom_margin_phone=&#8221;50px||10px|&#8221; custom_margin_last_edited=&#8221;on|phone&#8221; use_border_color=&#8221;off&#8221; border_color=&#8221;#ffffff&#8221; border_style=&#8221;solid&#8221;]<\/p>\n<h3>Applications<\/h3>\n<p>[\/et_pb_text][et_pb_text ul_type=&#8221;square&#8221; _builder_version=&#8221;3.4&#8243; text_line_height=&#8221;24px&#8221; ul_font=&#8221;Lato||||||||&#8221; ul_text_align=&#8221;left&#8221; ul_text_color=&#8221;#000000&#8243; ul_line_height=&#8221;24px&#8221; background_size=&#8221;initial&#8221; background_position=&#8221;top_left&#8221; background_repeat=&#8221;repeat&#8221; use_border_color=&#8221;off&#8221;]<\/p>\n<ul>\n<li>water- &amp; solvent-based direct-to-metal coatings<\/li>\n<li>UV curing systems<\/li>\n<li>1- &amp; 2-component adhesives<\/li>\n<li>emulsion polymerization<\/li>\n<\/ul>\n<p>[\/et_pb_text][\/et_pb_column][\/et_pb_row][\/et_pb_section][et_pb_section bb_built=&#8221;1&#8243; admin_label=&#8221;section&#8221; module_class=&#8221;responsive-img&#8221; _builder_version=&#8221;3.4&#8243; custom_margin=&#8221;|||&#8221; custom_margin_phone=&#8221;-115px|||&#8221; custom_margin_last_edited=&#8221;on|phone&#8221; custom_padding=&#8221;0|0px|54px|0px|false|false&#8221; prev_background_color=&#8221;#000000&#8243; next_background_color=&#8221;#000000&#8243;][et_pb_row admin_label=&#8221;row&#8221; _builder_version=&#8221;3.4&#8243; background_size=&#8221;initial&#8221; background_position=&#8221;top_left&#8221; background_repeat=&#8221;repeat&#8221; custom_margin_phone=&#8221;-50px|||&#8221; custom_margin_last_edited=&#8221;on|phone&#8221; custom_padding=&#8221;0|0px|27px|0px|false|false&#8221;][et_pb_column type=&#8221;4_4&#8243;][et_pb_text admin_label=&#8221;\u00dcberschrift &#8221; _builder_version=&#8221;3.4&#8243; text_font=&#8221;|700|||||||&#8221; text_text_color=&#8221;#294a89&#8243; text_font_size=&#8221;40px&#8221; text_line_height=&#8221;48px&#8221; header_font_size=&#8221;75&#8243; header_line_height=&#8221;75px&#8221; header_2_font=&#8221;Lato||||||||&#8221; header_2_font_size_phone=&#8221;30px&#8221; header_2_font_size_last_edited=&#8221;on|phone&#8221; header_2_line_height=&#8221;39px&#8221; header_2_line_height_phone=&#8221;35px&#8221; header_2_line_height_last_edited=&#8221;on|desktop&#8221; background_size=&#8221;initial&#8221; background_position=&#8221;top_left&#8221; background_repeat=&#8221;repeat&#8221; custom_margin_phone=&#8221;20px||10px|&#8221; custom_margin_last_edited=&#8221;on|phone&#8221; use_border_color=&#8221;off&#8221;]<\/p>\n<h2>BioWet\u2122 60G<\/h2>\n<p>[\/et_pb_text][et_pb_text _builder_version=&#8221;3.4&#8243; text_font=&#8221;Lato||||||||&#8221; text_line_height=&#8221;24px&#8221; background_size=&#8221;initial&#8221; background_position=&#8221;top_left&#8221; background_repeat=&#8221;repeat&#8221; use_border_color=&#8221;off&#8221; border_color=&#8221;#ffffff&#8221; border_style=&#8221;solid&#8221;]<\/p>\n<p><strong>BioWet\u2122 <\/strong><strong>60G<\/strong> is a solvent-free adhesion promoter and corrosion inhibitor for\u00a0<strong>glass substrates<\/strong>. It is non-foaming and imparts anti-corrosion properties for ferrous and aluminium substrates. It allows flow regulation and shows wetting performance. Used in primers, gloss emulsion paints and printing inks. The recommended dosage for coatings is 0.05 &#8211; 1.5 wt.% based on total formulation and for printing inks 0.05 &#8211; 2.0% based on total formulation. It is a proprietary blend of polyalkylene glycols and polyhydroxy amide.<\/p>\n<p>[\/et_pb_text][\/et_pb_column][\/et_pb_row][et_pb_row module_class_1=&#8221;mob-col-2&#8243; module_class_2=&#8221;mob-col-1&#8243; module_class=&#8221;order-mobil-row&#8221; _builder_version=&#8221;3.4&#8243; background_size=&#8221;initial&#8221; background_position=&#8221;top_left&#8221; background_repeat=&#8221;repeat&#8221;][et_pb_column type=&#8221;1_2&#8243;][et_pb_text admin_label=&#8221;\u00dcberschrift Anwendungen&#8221; _builder_version=&#8221;3.4&#8243; text_font=&#8221;Lato||||||||&#8221; text_line_height=&#8221;24px&#8221; header_3_font=&#8221;Lato||||||||&#8221; header_3_line_height=&#8221;33px&#8221; background_size=&#8221;initial&#8221; background_position=&#8221;top_left&#8221; background_repeat=&#8221;repeat&#8221; custom_margin_phone=&#8221;50px||1px|&#8221; custom_margin_last_edited=&#8221;on|phone&#8221; use_border_color=&#8221;off&#8221; border_color=&#8221;#ffffff&#8221; border_style=&#8221;solid&#8221;]<\/p>\n<h3>Benefits<\/h3>\n<p>[\/et_pb_text][et_pb_text ul_type=&#8221;square&#8221; _builder_version=&#8221;3.4&#8243; text_font=&#8221;Lato||||||||&#8221; text_line_height=&#8221;24px&#8221; ul_font=&#8221;Lato||||||||&#8221; ul_text_color=&#8221;#000000&#8243; ul_line_height=&#8221;24px&#8221; background_size=&#8221;initial&#8221; background_position=&#8221;top_left&#8221; background_repeat=&#8221;repeat&#8221; use_border_color=&#8221;off&#8221;]<\/p>\n<ul>\n<li>excellent adhesion promoter for glass substrates<\/li>\n<li>offers resistance against glass corrosion in dishwashing applications<\/li>\n<li>provides anti-corrosion properties for ferrous and aluminium substrates<\/li>\n<li>non-foaming<\/li>\n<\/ul>\n<p>[\/et_pb_text][\/et_pb_column][et_pb_column type=&#8221;1_2&#8243;][et_pb_text admin_label=&#8221;\u00dcberschrift Eigenschaften&#8221; _builder_version=&#8221;3.4&#8243; header_3_font=&#8221;Lato||||||||&#8221; header_3_line_height=&#8221;33px&#8221; background_size=&#8221;initial&#8221; background_position=&#8221;top_left&#8221; background_repeat=&#8221;repeat&#8221; custom_margin_phone=&#8221;50px||10px|&#8221; custom_margin_last_edited=&#8221;on|phone&#8221; use_border_color=&#8221;off&#8221; border_color=&#8221;#ffffff&#8221; border_style=&#8221;solid&#8221;]<\/p>\n<h3>Applications<\/h3>\n<p>[\/et_pb_text][et_pb_text ul_type=&#8221;square&#8221; _builder_version=&#8221;3.4&#8243; text_line_height=&#8221;24px&#8221; ul_font=&#8221;Lato||||||||&#8221; ul_text_align=&#8221;left&#8221; ul_text_color=&#8221;#000000&#8243; ul_line_height=&#8221;24px&#8221; background_size=&#8221;initial&#8221; background_position=&#8221;top_left&#8221; background_repeat=&#8221;repeat&#8221; use_border_color=&#8221;off&#8221;]<\/p>\n<ul>\n<li>coatings<\/li>\n<li>printing inks<\/li>\n<li>cleaning agents<\/li>\n<\/ul>\n<p>[\/et_pb_text][\/et_pb_column][\/et_pb_row][\/et_pb_section][et_pb_section bb_built=&#8221;1&#8243; _builder_version=&#8221;3.4&#8243; prev_background_color=&#8221;#000000&#8243;][et_pb_row _builder_version=&#8221;3.4&#8243;][et_pb_column type=&#8221;4_4&#8243;][et_pb_text _builder_version=&#8221;3.4&#8243; custom_css_main_element=&#8221;.producer{|| background-color:#2c5697;|| max-width: fit-content;|| padding: 5px 30px;|| color: #fff;|| font-weight: bold;||}||||.country{|| border: 2px solid #2c5697;|| max-width: fit-content;|| margin-left: 6%;|| padding: 20px 70px 10px 30px;|| margin-top:-20px;|| font-size: 10px;||}&#8221;]<\/p>\n<div class=\"producercountry\">\n<div class=\"producer\">Producer: Addapt Chemicals BV<\/div>\n<div class=\"country\">Country of origin: The Netherlands<\/div>\n<\/div>\n<p>[\/et_pb_text][\/et_pb_column][\/et_pb_row][\/et_pb_section]<\/p>\n","protected":false},"excerpt":{"rendered":"<p>[et_pb_section bb_built=&#8221;1&#8243; admin_label=&#8221;section&#8221; module_class=&#8221;responsive-header-img&#8221; _builder_version=&#8221;3.4&#8243; max_width=&#8221;109%&#8221; next_background_color=&#8221;#000000&#8243; border_color_all=&#8221;#005ea6&#8243;][et_pb_row admin_label=&#8221;row&#8221; use_custom_width=&#8221;on&#8221; custom_width_px=&#8221;1520px&#8221; padding_top_1=&#8221;100px&#8221; padding_bottom_1=&#8221;80px&#8221; padding_left_1=&#8221;80px&#8221; padding_1_phone=&#8221;|||20px&#8221; padding_1_last_edited=&#8221;on|phone&#8221; module_class=&#8221;img-border-right-header&#8221; _builder_version=&#8221;3.4&#8243; background_image=&#8221;https:\/\/www.euromineralspolska.com\/wp-content\/uploads\/2024\/09\/adhesion-promoters-eurominerals-scaled.jpeg&#8221; background_repeat=&#8221;repeat&#8221; border_width_left=&#8221;70px&#8221; border_color_all=&#8221;#a4d78e&#8221;][et_pb_column type=&#8221;4_4&#8243;][\/et_pb_column][\/et_pb_row][\/et_pb_section][et_pb_section bb_built=&#8221;1&#8243; admin_label=&#8221;section&#8221; _builder_version=&#8221;3.4&#8243; custom_padding=&#8221;54px|0px|0|0px|false|false&#8221; prev_background_color=&#8221;#000000&#8243; next_background_color=&#8221;#000000&#8243;][et_pb_row admin_label=&#8221;row&#8221; _builder_version=&#8221;3.0.47&#8243; background_size=&#8221;initial&#8221; background_position=&#8221;top_left&#8221; background_repeat=&#8221;repeat&#8221; custom_padding=&#8221;27px|0px|0|0px|false|false&#8221;][et_pb_column type=&#8221;4_4&#8243;][et_pb_text admin_label=&#8221;\u00dcberschrift &#8221; _builder_version=&#8221;3.4&#8243; text_font=&#8221;|700|||||||&#8221; text_text_color=&#8221;#294a89&#8243; text_font_size=&#8221;75px&#8221; header_font=&#8221;Lato||||||||&#8221; header_font_size_phone=&#8221;40px&#8221; header_font_size_last_edited=&#8221;on|phone&#8221; header_line_height=&#8221;45px&#8221; header_line_height_phone=&#8221;50px&#8221; header_line_height_last_edited=&#8221;on|phone&#8221; background_size=&#8221;initial&#8221; background_position=&#8221;top_left&#8221; background_repeat=&#8221;repeat&#8221; custom_margin_phone=&#8221;||10px|&#8221; custom_margin_last_edited=&#8221;on|phone&#8221; use_border_color=&#8221;off&#8221;] Adhesion [&hellip;]<\/p>\n","protected":false},"author":7,"featured_media":0,"parent":0,"menu_order":0,"comment_status":"closed","ping_status":"closed","template":"","meta":{"_acf_changed":false,"footnotes":""},"class_list":["post-236331","page","type-page","status-publish","hentry"],"acf":[],"yoast_head":"<!-- This site is optimized with the Yoast SEO plugin v23.9 - https:\/\/yoast.com\/wordpress\/plugins\/seo\/ -->\n<title>Adhesion Promoters | euroMinerals<\/title>\n<meta name=\"description\" content=\"Wir bieten hochwertige Mineralien und Rohstoffe f\u00fcr verschiedene Industrien. Mit erstklassigem Service und globaler Expertise sind wir Ihr zuverl\u00e4ssiger Partner f\u00fcr nachhaltige und ma\u00dfgeschneiderte L\u00f6sungen. | euroMinerals\" \/>\n<meta name=\"robots\" content=\"index, follow, max-snippet:-1, max-image-preview:large, max-video-preview:-1\" \/>\n<link rel=\"canonical\" href=\"https:\/\/www.euromineralspolska.com\/promotory-adhezji\/\" \/>\n<meta property=\"og:locale\" content=\"en_US\" \/>\n<meta property=\"og:type\" content=\"article\" \/>\n<meta property=\"og:title\" content=\"Adhesion Promoters | euroMinerals\" \/>\n<meta property=\"og:description\" content=\"Wir bieten hochwertige Mineralien und Rohstoffe f\u00fcr verschiedene Industrien. Mit erstklassigem Service und globaler Expertise sind wir Ihr zuverl\u00e4ssiger Partner f\u00fcr nachhaltige und ma\u00dfgeschneiderte L\u00f6sungen. | euroMinerals\" \/>\n<meta property=\"og:url\" content=\"https:\/\/www.euromineralspolska.com\/promotory-adhezji\/\" \/>\n<meta property=\"og:site_name\" content=\"euroMinerals\" \/>\n<meta property=\"article:publisher\" content=\"https:\/\/www.facebook.com\/euroMinerals\/?locale=de_DE\" \/>\n<meta property=\"article:modified_time\" content=\"2024-10-31T12:20:50+00:00\" \/>\n<meta name=\"twitter:card\" content=\"summary_large_image\" \/>\n<meta name=\"twitter:label1\" content=\"Est. reading time\" \/>\n\t<meta name=\"twitter:data1\" content=\"8 minutes\" \/>\n<script type=\"application\/ld+json\" class=\"yoast-schema-graph\">{\"@context\":\"https:\/\/schema.org\",\"@graph\":[{\"@type\":\"WebPage\",\"@id\":\"https:\/\/www.euromineralspolska.com\/promotory-adhezji\/\",\"url\":\"https:\/\/www.euromineralspolska.com\/promotory-adhezji\/\",\"name\":\"Adhesion Promoters | euroMinerals\",\"isPartOf\":{\"@id\":\"https:\/\/www.euromineralspolska.com\/#website\"},\"datePublished\":\"2024-09-12T12:07:57+00:00\",\"dateModified\":\"2024-10-31T12:20:50+00:00\",\"description\":\"Wir bieten hochwertige Mineralien und Rohstoffe f\u00fcr verschiedene Industrien. Mit erstklassigem Service und globaler Expertise sind wir Ihr zuverl\u00e4ssiger Partner f\u00fcr nachhaltige und ma\u00dfgeschneiderte L\u00f6sungen. | euroMinerals\",\"inLanguage\":\"en-US\",\"potentialAction\":[{\"@type\":\"ReadAction\",\"target\":[\"https:\/\/www.euromineralspolska.com\/promotory-adhezji\/\"]}]},{\"@type\":\"WebSite\",\"@id\":\"https:\/\/www.euromineralspolska.com\/#website\",\"url\":\"https:\/\/www.euromineralspolska.com\/\",\"name\":\"euroMineralspolska\",\"description\":\"From minerals to high-tech products\",\"publisher\":{\"@id\":\"https:\/\/www.euromineralspolska.com\/#organization\"},\"alternateName\":\"euroMinerals\",\"potentialAction\":[{\"@type\":\"SearchAction\",\"target\":{\"@type\":\"EntryPoint\",\"urlTemplate\":\"https:\/\/www.euromineralspolska.com\/?s={search_term_string}\"},\"query-input\":{\"@type\":\"PropertyValueSpecification\",\"valueRequired\":true,\"valueName\":\"search_term_string\"}}],\"inLanguage\":\"en-US\"},{\"@type\":\"Organization\",\"@id\":\"https:\/\/www.euromineralspolska.com\/#organization\",\"name\":\"euroMinerals Polska Sp. z o. o.\",\"url\":\"https:\/\/www.euromineralspolska.com\/\",\"logo\":{\"@type\":\"ImageObject\",\"inLanguage\":\"en-US\",\"@id\":\"https:\/\/www.euromineralspolska.com\/#\/schema\/logo\/image\/\",\"url\":\"https:\/\/www.euromineralspolska.com\/wp-content\/uploads\/2024\/11\/Logo_EuroMinerals_web.png\",\"contentUrl\":\"https:\/\/www.euromineralspolska.com\/wp-content\/uploads\/2024\/11\/Logo_EuroMinerals_web.png\",\"width\":297,\"height\":40,\"caption\":\"euroMinerals Polska Sp. z o. o.\"},\"image\":{\"@id\":\"https:\/\/www.euromineralspolska.com\/#\/schema\/logo\/image\/\"},\"sameAs\":[\"https:\/\/www.facebook.com\/euroMinerals\/?locale=de_DE\"]}]}<\/script>\n<!-- \/ Yoast SEO plugin. -->","yoast_head_json":{"title":"Adhesion Promoters | euroMinerals","description":"Wir bieten hochwertige Mineralien und Rohstoffe f\u00fcr verschiedene Industrien. Mit erstklassigem Service und globaler Expertise sind wir Ihr zuverl\u00e4ssiger Partner f\u00fcr nachhaltige und ma\u00dfgeschneiderte L\u00f6sungen. | euroMinerals","robots":{"index":"index","follow":"follow","max-snippet":"max-snippet:-1","max-image-preview":"max-image-preview:large","max-video-preview":"max-video-preview:-1"},"canonical":"https:\/\/www.euromineralspolska.com\/promotory-adhezji\/","og_locale":"en_US","og_type":"article","og_title":"Adhesion Promoters | euroMinerals","og_description":"Wir bieten hochwertige Mineralien und Rohstoffe f\u00fcr verschiedene Industrien. Mit erstklassigem Service und globaler Expertise sind wir Ihr zuverl\u00e4ssiger Partner f\u00fcr nachhaltige und ma\u00dfgeschneiderte L\u00f6sungen. | euroMinerals","og_url":"https:\/\/www.euromineralspolska.com\/promotory-adhezji\/","og_site_name":"euroMinerals","article_publisher":"https:\/\/www.facebook.com\/euroMinerals\/?locale=de_DE","article_modified_time":"2024-10-31T12:20:50+00:00","twitter_card":"summary_large_image","twitter_misc":{"Est. reading time":"8 minutes"},"schema":{"@context":"https:\/\/schema.org","@graph":[{"@type":"WebPage","@id":"https:\/\/www.euromineralspolska.com\/promotory-adhezji\/","url":"https:\/\/www.euromineralspolska.com\/promotory-adhezji\/","name":"Adhesion Promoters | euroMinerals","isPartOf":{"@id":"https:\/\/www.euromineralspolska.com\/#website"},"datePublished":"2024-09-12T12:07:57+00:00","dateModified":"2024-10-31T12:20:50+00:00","description":"Wir bieten hochwertige Mineralien und Rohstoffe f\u00fcr verschiedene Industrien. Mit erstklassigem Service und globaler Expertise sind wir Ihr zuverl\u00e4ssiger Partner f\u00fcr nachhaltige und ma\u00dfgeschneiderte L\u00f6sungen. | euroMinerals","inLanguage":"en-US","potentialAction":[{"@type":"ReadAction","target":["https:\/\/www.euromineralspolska.com\/promotory-adhezji\/"]}]},{"@type":"WebSite","@id":"https:\/\/www.euromineralspolska.com\/#website","url":"https:\/\/www.euromineralspolska.com\/","name":"euroMineralspolska","description":"From minerals to high-tech products","publisher":{"@id":"https:\/\/www.euromineralspolska.com\/#organization"},"alternateName":"euroMinerals","potentialAction":[{"@type":"SearchAction","target":{"@type":"EntryPoint","urlTemplate":"https:\/\/www.euromineralspolska.com\/?s={search_term_string}"},"query-input":{"@type":"PropertyValueSpecification","valueRequired":true,"valueName":"search_term_string"}}],"inLanguage":"en-US"},{"@type":"Organization","@id":"https:\/\/www.euromineralspolska.com\/#organization","name":"euroMinerals Polska Sp. z o. o.","url":"https:\/\/www.euromineralspolska.com\/","logo":{"@type":"ImageObject","inLanguage":"en-US","@id":"https:\/\/www.euromineralspolska.com\/#\/schema\/logo\/image\/","url":"https:\/\/www.euromineralspolska.com\/wp-content\/uploads\/2024\/11\/Logo_EuroMinerals_web.png","contentUrl":"https:\/\/www.euromineralspolska.com\/wp-content\/uploads\/2024\/11\/Logo_EuroMinerals_web.png","width":297,"height":40,"caption":"euroMinerals Polska Sp. z o. o."},"image":{"@id":"https:\/\/www.euromineralspolska.com\/#\/schema\/logo\/image\/"},"sameAs":["https:\/\/www.facebook.com\/euroMinerals\/?locale=de_DE"]}]}},"_links":{"self":[{"href":"https:\/\/www.euromineralspolska.com\/en\/wp-json\/wp\/v2\/pages\/236331"}],"collection":[{"href":"https:\/\/www.euromineralspolska.com\/en\/wp-json\/wp\/v2\/pages"}],"about":[{"href":"https:\/\/www.euromineralspolska.com\/en\/wp-json\/wp\/v2\/types\/page"}],"author":[{"embeddable":true,"href":"https:\/\/www.euromineralspolska.com\/en\/wp-json\/wp\/v2\/users\/7"}],"replies":[{"embeddable":true,"href":"https:\/\/www.euromineralspolska.com\/en\/wp-json\/wp\/v2\/comments?post=236331"}],"version-history":[{"count":22,"href":"https:\/\/www.euromineralspolska.com\/en\/wp-json\/wp\/v2\/pages\/236331\/revisions"}],"predecessor-version":[{"id":238224,"href":"https:\/\/www.euromineralspolska.com\/en\/wp-json\/wp\/v2\/pages\/236331\/revisions\/238224"}],"wp:attachment":[{"href":"https:\/\/www.euromineralspolska.com\/en\/wp-json\/wp\/v2\/media?parent=236331"}],"curies":[{"name":"wp","href":"https:\/\/api.w.org\/{rel}","templated":true}]}}