{"id":236603,"date":"2024-09-16T14:35:57","date_gmt":"2024-09-16T12:35:57","guid":{"rendered":"https:\/\/he-seocon01.ebau.at\/euromineralspolska.com?page_id=236603"},"modified":"2024-10-31T13:37:46","modified_gmt":"2024-10-31T12:37:46","slug":"wax-emulsions","status":"publish","type":"page","link":"https:\/\/www.euromineralspolska.com\/en\/wax-emulsions\/","title":{"rendered":"Wax Emulsions"},"content":{"rendered":"<p>[et_pb_section bb_built=&#8221;1&#8243; admin_label=&#8221;section&#8221; module_class=&#8221;responsive-header-img&#8221; _builder_version=&#8221;3.4&#8243; max_width=&#8221;109%&#8221; next_background_color=&#8221;#000000&#8243;][et_pb_row admin_label=&#8221;row&#8221; use_custom_width=&#8221;on&#8221; custom_width_px=&#8221;1520px&#8221; padding_top_1=&#8221;100px&#8221; padding_bottom_1=&#8221;80px&#8221; padding_left_1=&#8221;80px&#8221; padding_1_phone=&#8221;|||20px&#8221; padding_1_last_edited=&#8221;on|phone&#8221; module_class=&#8221;img-border-right-header&#8221; _builder_version=&#8221;3.4&#8243; background_image=&#8221;https:\/\/www.euromineralspolska.com\/wp-content\/uploads\/2024\/10\/additives-wax-emulsions-header.webp&#8221; background_position=&#8221;top_left&#8221; background_repeat=&#8221;repeat&#8221; border_width_left=&#8221;70px&#8221; border_color_left=&#8221;#a4d78e&#8221;][et_pb_column type=&#8221;4_4&#8243;][\/et_pb_column][\/et_pb_row][\/et_pb_section][et_pb_section bb_built=&#8221;1&#8243; admin_label=&#8221;section&#8221; _builder_version=&#8221;3.4&#8243; custom_padding=&#8221;54px|0px|0|0px|false|false&#8221; prev_background_color=&#8221;#000000&#8243; next_background_color=&#8221;#000000&#8243;][et_pb_row admin_label=&#8221;row&#8221; _builder_version=&#8221;3.0.47&#8243; background_size=&#8221;initial&#8221; background_position=&#8221;top_left&#8221; background_repeat=&#8221;repeat&#8221;][et_pb_column type=&#8221;4_4&#8243;][et_pb_text admin_label=&#8221;\u00dcberschrift &#8221; _builder_version=&#8221;3.4&#8243; text_font=&#8221;|700|||||||&#8221; text_text_color=&#8221;#294a89&#8243; text_font_size=&#8221;75px&#8221; header_font=&#8221;Lato||||||||&#8221; header_font_size_phone=&#8221;40px&#8221; header_font_size_last_edited=&#8221;on|phone&#8221; header_line_height=&#8221;45px&#8221; header_line_height_phone=&#8221;50px&#8221; header_line_height_last_edited=&#8221;on|phone&#8221; background_size=&#8221;initial&#8221; background_position=&#8221;top_left&#8221; background_repeat=&#8221;repeat&#8221; custom_margin_phone=&#8221;||10px|&#8221; custom_margin_last_edited=&#8221;on|phone&#8221; use_border_color=&#8221;off&#8221;]<\/p>\n<h1>Wax Emulsions<\/h1>\n<p>[\/et_pb_text][et_pb_text _builder_version=&#8221;3.4&#8243; text_font=&#8221;Lato||||||||&#8221; text_line_height=&#8221;24px&#8221; background_size=&#8221;initial&#8221; background_position=&#8221;top_left&#8221; background_repeat=&#8221;repeat&#8221; use_border_color=&#8221;off&#8221; border_color=&#8221;#ffffff&#8221; border_style=&#8221;solid&#8221;]<\/p>\n<p>The <strong>WaxMul\u2122<\/strong> products are based on different waxes like carnauba, paraffin &amp; polyethylene wax. The applications depend on the wax type used; carnauba-based wax emulsions are excellent release aids, lubricants and scratch resistance additives, whereas paraffin and polyethylene wax emulsions are used for surface effects and water repellency.<\/p>\n<p>[\/et_pb_text][\/et_pb_column][\/et_pb_row][\/et_pb_section][et_pb_section bb_built=&#8221;1&#8243; admin_label=&#8221;section&#8221; module_class=&#8221;responsive-img&#8221; _builder_version=&#8221;3.4&#8243; custom_margin=&#8221;|||&#8221; custom_margin_phone=&#8221;-115px|||&#8221; custom_margin_last_edited=&#8221;on|phone&#8221; custom_padding=&#8221;0|0px|0|0px|false|false&#8221; prev_background_color=&#8221;#000000&#8243; next_background_color=&#8221;#000000&#8243;][et_pb_row admin_label=&#8221;row&#8221; _builder_version=&#8221;3.4&#8243; background_size=&#8221;initial&#8221; background_position=&#8221;top_left&#8221; background_repeat=&#8221;repeat&#8221; custom_margin_phone=&#8221;-50px|||&#8221; custom_margin_last_edited=&#8221;on|phone&#8221;][et_pb_column type=&#8221;4_4&#8243;][et_pb_text admin_label=&#8221;\u00dcberschrift &#8221; _builder_version=&#8221;3.4&#8243; text_font=&#8221;|700|||||||&#8221; text_text_color=&#8221;#294a89&#8243; text_font_size=&#8221;40px&#8221; text_line_height=&#8221;48px&#8221; header_font_size=&#8221;75&#8243; header_line_height=&#8221;75px&#8221; header_2_font=&#8221;Lato||||||||&#8221; header_2_font_size_phone=&#8221;30px&#8221; header_2_font_size_last_edited=&#8221;on|phone&#8221; header_2_line_height=&#8221;39px&#8221; header_2_line_height_phone=&#8221;35px&#8221; header_2_line_height_last_edited=&#8221;on|desktop&#8221; background_size=&#8221;initial&#8221; background_position=&#8221;top_left&#8221; background_repeat=&#8221;repeat&#8221; custom_margin_phone=&#8221;20px||10px|&#8221; custom_margin_last_edited=&#8221;on|phone&#8221; use_border_color=&#8221;off&#8221;]<\/p>\n<h2>WaxMul\u2122 WM 110<\/h2>\n<p>[\/et_pb_text][et_pb_text _builder_version=&#8221;3.4&#8243; text_font=&#8221;Lato||||||||&#8221; text_line_height=&#8221;24px&#8221; background_size=&#8221;initial&#8221; background_position=&#8221;top_left&#8221; background_repeat=&#8221;repeat&#8221; use_border_color=&#8221;off&#8221; border_color=&#8221;#ffffff&#8221; border_style=&#8221;solid&#8221;]<\/p>\n<p><strong>WaxMul\u2122 WM 110<\/strong> is a dispersion of polyethene and paraffin waxes in water. It is used in the paint industry, printing ink industry, shoe and leather care and paper industry. Provides very good water-repellent properties and scratch resistance. Exhibits matt gloss and improves surface smoothness. Highly suitable for use in aqueous coating systems. Emulsion of polyethylene and paraffin waxes in water, 30% solids.<\/p>\n<p>[\/et_pb_text][\/et_pb_column][\/et_pb_row][et_pb_row module_class_1=&#8221;mob-col-2&#8243; module_class_2=&#8221;mob-col-1&#8243; module_class=&#8221;order-mobil-row&#8221; _builder_version=&#8221;3.4&#8243; background_size=&#8221;initial&#8221; background_position=&#8221;top_left&#8221; background_repeat=&#8221;repeat&#8221;][et_pb_column type=&#8221;1_2&#8243;][et_pb_text admin_label=&#8221;\u00dcberschrift Anwendungen&#8221; _builder_version=&#8221;3.4&#8243; text_font=&#8221;Lato||||||||&#8221; text_line_height=&#8221;24px&#8221; header_3_font=&#8221;Lato||||||||&#8221; header_3_line_height=&#8221;33px&#8221; background_size=&#8221;initial&#8221; background_position=&#8221;top_left&#8221; background_repeat=&#8221;repeat&#8221; custom_margin_phone=&#8221;50px||1px|&#8221; custom_margin_last_edited=&#8221;on|phone&#8221; use_border_color=&#8221;off&#8221; border_color=&#8221;#ffffff&#8221; border_style=&#8221;solid&#8221;]<\/p>\n<h3>Benefits<\/h3>\n<p>[\/et_pb_text][et_pb_text ul_type=&#8221;square&#8221; _builder_version=&#8221;3.4&#8243; text_font=&#8221;Lato||||||||&#8221; text_line_height=&#8221;24px&#8221; ul_font=&#8221;Lato||||||||&#8221; ul_text_color=&#8221;#000000&#8243; ul_line_height=&#8221;24px&#8221; background_size=&#8221;initial&#8221; background_position=&#8221;top_left&#8221; background_repeat=&#8221;repeat&#8221; use_border_color=&#8221;off&#8221;]<\/p>\n<ul>\n<li>provides very good water-repellent properties<\/li>\n<li>gives a matt gloss<\/li>\n<li>improves surface smoothness<\/li>\n<li>APEO-free<\/li>\n<\/ul>\n<p>[\/et_pb_text][\/et_pb_column][et_pb_column type=&#8221;1_2&#8243;][et_pb_text admin_label=&#8221;\u00dcberschrift Eigenschaften&#8221; _builder_version=&#8221;3.4&#8243; header_3_font=&#8221;Lato||||||||&#8221; header_3_line_height=&#8221;33px&#8221; background_size=&#8221;initial&#8221; background_position=&#8221;top_left&#8221; background_repeat=&#8221;repeat&#8221; custom_margin_phone=&#8221;50px||10px|&#8221; custom_margin_last_edited=&#8221;on|phone&#8221; use_border_color=&#8221;off&#8221; border_color=&#8221;#ffffff&#8221; border_style=&#8221;solid&#8221;]<\/p>\n<h3>Applications<\/h3>\n<p>[\/et_pb_text][et_pb_text ul_type=&#8221;square&#8221; _builder_version=&#8221;3.4&#8243; text_line_height=&#8221;24px&#8221; ul_font=&#8221;Lato||||||||&#8221; ul_text_align=&#8221;left&#8221; ul_text_color=&#8221;#000000&#8243; ul_line_height=&#8221;24px&#8221; background_size=&#8221;initial&#8221; background_position=&#8221;top_left&#8221; background_repeat=&#8221;repeat&#8221; use_border_color=&#8221;off&#8221;]<\/p>\n<ul>\n<li>paints<\/li>\n<li>printing inks<\/li>\n<li>shoe- and leather care<\/li>\n<li>paper<\/li>\n<\/ul>\n<p>[\/et_pb_text][\/et_pb_column][\/et_pb_row][\/et_pb_section][et_pb_section bb_built=&#8221;1&#8243; admin_label=&#8221;section&#8221; module_class=&#8221;responsive-img&#8221; _builder_version=&#8221;3.4&#8243; custom_margin=&#8221;|||&#8221; custom_margin_phone=&#8221;-115px|||&#8221; custom_margin_last_edited=&#8221;on|phone&#8221; custom_padding=&#8221;0|0px|54px|0px|false|false&#8221; prev_background_color=&#8221;#000000&#8243; next_background_color=&#8221;#000000&#8243;][et_pb_row admin_label=&#8221;row&#8221; _builder_version=&#8221;3.4&#8243; background_size=&#8221;initial&#8221; background_position=&#8221;top_left&#8221; background_repeat=&#8221;repeat&#8221; custom_margin_phone=&#8221;-50px|||&#8221; custom_margin_last_edited=&#8221;on|phone&#8221;][et_pb_column type=&#8221;4_4&#8243;][et_pb_text admin_label=&#8221;\u00dcberschrift &#8221; _builder_version=&#8221;3.4&#8243; text_font=&#8221;|700|||||||&#8221; text_text_color=&#8221;#294a89&#8243; text_font_size=&#8221;40px&#8221; text_line_height=&#8221;48px&#8221; header_font_size=&#8221;75&#8243; header_line_height=&#8221;75px&#8221; header_2_font=&#8221;Lato||||||||&#8221; header_2_font_size_phone=&#8221;30px&#8221; header_2_font_size_last_edited=&#8221;on|phone&#8221; header_2_line_height=&#8221;39px&#8221; header_2_line_height_phone=&#8221;35px&#8221; header_2_line_height_last_edited=&#8221;on|desktop&#8221; background_size=&#8221;initial&#8221; background_position=&#8221;top_left&#8221; background_repeat=&#8221;repeat&#8221; custom_margin_phone=&#8221;20px||10px|&#8221; custom_margin_last_edited=&#8221;on|phone&#8221; use_border_color=&#8221;off&#8221;]<\/p>\n<h2>WaxMul\u2122 C325<\/h2>\n<p>[\/et_pb_text][et_pb_text _builder_version=&#8221;3.4&#8243; text_font=&#8221;Lato||||||||&#8221; text_line_height=&#8221;24px&#8221; background_size=&#8221;initial&#8221; background_position=&#8221;top_left&#8221; background_repeat=&#8221;repeat&#8221; use_border_color=&#8221;off&#8221; border_color=&#8221;#ffffff&#8221; border_style=&#8221;solid&#8221;]<\/p>\n<p><strong>WaxMul\u2122 C325<\/strong> is a T3-type carnauba wax dispersion in water. It is used in the paint industry, floor polish industry, car polish industry, shoe-and leather care and printing ink industry. Provides very good surface slip, scratch-resistance, good water-repellent properties and increased gloss. It also improves the release and anti-block properties. Highly suitable for use in water-based (car) polishes and coatings. Wax dispersion based on T3-type carnauba wax in water, 25% solids.<\/p>\n<p>[\/et_pb_text][\/et_pb_column][\/et_pb_row][et_pb_row module_class_1=&#8221;mob-col-2&#8243; module_class_2=&#8221;mob-col-1&#8243; module_class=&#8221;order-mobil-row&#8221; _builder_version=&#8221;3.4&#8243; background_size=&#8221;initial&#8221; background_position=&#8221;top_left&#8221; background_repeat=&#8221;repeat&#8221;][et_pb_column type=&#8221;1_2&#8243;][et_pb_text admin_label=&#8221;\u00dcberschrift Anwendungen&#8221; _builder_version=&#8221;3.4&#8243; text_font=&#8221;Lato||||||||&#8221; text_line_height=&#8221;24px&#8221; header_3_font=&#8221;Lato||||||||&#8221; header_3_line_height=&#8221;33px&#8221; background_size=&#8221;initial&#8221; background_position=&#8221;top_left&#8221; background_repeat=&#8221;repeat&#8221; custom_margin_phone=&#8221;50px||1px|&#8221; custom_margin_last_edited=&#8221;on|phone&#8221; use_border_color=&#8221;off&#8221; border_color=&#8221;#ffffff&#8221; border_style=&#8221;solid&#8221;]<\/p>\n<h3>Benefits<\/h3>\n<p>[\/et_pb_text][et_pb_text ul_type=&#8221;square&#8221; _builder_version=&#8221;3.4&#8243; text_font=&#8221;Lato||||||||&#8221; text_line_height=&#8221;24px&#8221; ul_font=&#8221;Lato||||||||&#8221; ul_text_color=&#8221;#000000&#8243; ul_line_height=&#8221;24px&#8221; background_size=&#8221;initial&#8221; background_position=&#8221;top_left&#8221; background_repeat=&#8221;repeat&#8221; use_border_color=&#8221;off&#8221;]<\/p>\n<ul>\n<li>increases gloss and scratch resistance in polishes<\/li>\n<li>improves release and anti-block properties<\/li>\n<li>gives good water-repellent properties<\/li>\n<li>readily biodegradable<\/li>\n<li>APEO-free<\/li>\n<\/ul>\n<p>[\/et_pb_text][\/et_pb_column][et_pb_column type=&#8221;1_2&#8243;][et_pb_text admin_label=&#8221;\u00dcberschrift Eigenschaften&#8221; _builder_version=&#8221;3.4&#8243; header_3_font=&#8221;Lato||||||||&#8221; header_3_line_height=&#8221;33px&#8221; background_size=&#8221;initial&#8221; background_position=&#8221;top_left&#8221; background_repeat=&#8221;repeat&#8221; custom_margin_phone=&#8221;50px||10px|&#8221; custom_margin_last_edited=&#8221;on|phone&#8221; use_border_color=&#8221;off&#8221; border_color=&#8221;#ffffff&#8221; border_style=&#8221;solid&#8221;]<\/p>\n<h3>Applications<\/h3>\n<p>[\/et_pb_text][et_pb_text ul_type=&#8221;square&#8221; _builder_version=&#8221;3.4&#8243; text_line_height=&#8221;24px&#8221; ul_font=&#8221;Lato||||||||&#8221; ul_text_align=&#8221;left&#8221; ul_text_color=&#8221;#000000&#8243; ul_line_height=&#8221;24px&#8221; background_size=&#8221;initial&#8221; background_position=&#8221;top_left&#8221; background_repeat=&#8221;repeat&#8221; use_border_color=&#8221;off&#8221;]<\/p>\n<ul>\n<li>paints<\/li>\n<li>floor polish industry<\/li>\n<li>car polish industry<\/li>\n<li>shoe- and leather care<\/li>\n<li>printing inks<\/li>\n<\/ul>\n<p>[\/et_pb_text][\/et_pb_column][\/et_pb_row][\/et_pb_section][et_pb_section bb_built=&#8221;1&#8243; _builder_version=&#8221;3.4&#8243; prev_background_color=&#8221;#000000&#8243;][et_pb_row _builder_version=&#8221;3.4&#8243;][et_pb_column type=&#8221;4_4&#8243;][et_pb_text _builder_version=&#8221;3.4&#8243; custom_css_main_element=&#8221;.producer{|| background-color:#2c5697;|| max-width: fit-content;|| padding: 5px 30px;|| color: #fff;|| font-weight: bold;||}||||.country{|| border: 2px solid #2c5697;|| max-width: fit-content;|| margin-left: 6%;|| padding: 20px 70px 10px 30px;|| margin-top:-20px;|| font-size: 10px;||}&#8221;]<\/p>\n<div class=\"producercountry\">\n<div class=\"producer\">Producer: Addapt Chemicals BV<\/div>\n<div class=\"country\">Country of origin: The Netherlands<\/div>\n<\/div>\n<p>[\/et_pb_text][\/et_pb_column][\/et_pb_row][\/et_pb_section]<\/p>\n","protected":false},"excerpt":{"rendered":"<p>[et_pb_section bb_built=&#8221;1&#8243; admin_label=&#8221;section&#8221; module_class=&#8221;responsive-header-img&#8221; _builder_version=&#8221;3.4&#8243; max_width=&#8221;109%&#8221; next_background_color=&#8221;#000000&#8243;][et_pb_row admin_label=&#8221;row&#8221; use_custom_width=&#8221;on&#8221; custom_width_px=&#8221;1520px&#8221; padding_top_1=&#8221;100px&#8221; padding_bottom_1=&#8221;80px&#8221; padding_left_1=&#8221;80px&#8221; padding_1_phone=&#8221;|||20px&#8221; padding_1_last_edited=&#8221;on|phone&#8221; module_class=&#8221;img-border-right-header&#8221; _builder_version=&#8221;3.4&#8243; background_image=&#8221;https:\/\/www.euromineralspolska.com\/wp-content\/uploads\/2024\/10\/additives-wax-emulsions-header.webp&#8221; background_position=&#8221;top_left&#8221; background_repeat=&#8221;repeat&#8221; border_width_left=&#8221;70px&#8221; border_color_left=&#8221;#a4d78e&#8221;][et_pb_column type=&#8221;4_4&#8243;][\/et_pb_column][\/et_pb_row][\/et_pb_section][et_pb_section bb_built=&#8221;1&#8243; admin_label=&#8221;section&#8221; _builder_version=&#8221;3.4&#8243; custom_padding=&#8221;54px|0px|0|0px|false|false&#8221; prev_background_color=&#8221;#000000&#8243; next_background_color=&#8221;#000000&#8243;][et_pb_row admin_label=&#8221;row&#8221; _builder_version=&#8221;3.0.47&#8243; background_size=&#8221;initial&#8221; background_position=&#8221;top_left&#8221; background_repeat=&#8221;repeat&#8221;][et_pb_column type=&#8221;4_4&#8243;][et_pb_text admin_label=&#8221;\u00dcberschrift &#8221; _builder_version=&#8221;3.4&#8243; text_font=&#8221;|700|||||||&#8221; text_text_color=&#8221;#294a89&#8243; text_font_size=&#8221;75px&#8221; header_font=&#8221;Lato||||||||&#8221; header_font_size_phone=&#8221;40px&#8221; header_font_size_last_edited=&#8221;on|phone&#8221; header_line_height=&#8221;45px&#8221; header_line_height_phone=&#8221;50px&#8221; header_line_height_last_edited=&#8221;on|phone&#8221; background_size=&#8221;initial&#8221; background_position=&#8221;top_left&#8221; background_repeat=&#8221;repeat&#8221; custom_margin_phone=&#8221;||10px|&#8221; custom_margin_last_edited=&#8221;on|phone&#8221; use_border_color=&#8221;off&#8221;] Wax Emulsions [&hellip;]<\/p>\n","protected":false},"author":7,"featured_media":0,"parent":0,"menu_order":0,"comment_status":"closed","ping_status":"closed","template":"","meta":{"_acf_changed":false,"footnotes":""},"class_list":["post-236603","page","type-page","status-publish","hentry"],"acf":[],"yoast_head":"<!-- This site is optimized with the Yoast SEO plugin v23.9 - https:\/\/yoast.com\/wordpress\/plugins\/seo\/ -->\n<title>Wax Emulsions | euroMinerals<\/title>\n<meta name=\"description\" content=\"Wir bieten hochwertige Mineralien und Rohstoffe f\u00fcr verschiedene Industrien. Mit erstklassigem Service und globaler Expertise sind wir Ihr zuverl\u00e4ssiger Partner f\u00fcr nachhaltige und ma\u00dfgeschneiderte L\u00f6sungen. | euroMinerals\" \/>\n<meta name=\"robots\" content=\"index, follow, max-snippet:-1, max-image-preview:large, max-video-preview:-1\" \/>\n<link rel=\"canonical\" href=\"https:\/\/www.euromineralspolska.com\/emulsje-woskowe\/\" \/>\n<meta property=\"og:locale\" content=\"en_US\" \/>\n<meta property=\"og:type\" content=\"article\" \/>\n<meta property=\"og:title\" content=\"Wax Emulsions | euroMinerals\" \/>\n<meta property=\"og:description\" content=\"Wir bieten hochwertige Mineralien und Rohstoffe f\u00fcr verschiedene Industrien. Mit erstklassigem Service und globaler Expertise sind wir Ihr zuverl\u00e4ssiger Partner f\u00fcr nachhaltige und ma\u00dfgeschneiderte L\u00f6sungen. | euroMinerals\" \/>\n<meta property=\"og:url\" content=\"https:\/\/www.euromineralspolska.com\/emulsje-woskowe\/\" \/>\n<meta property=\"og:site_name\" content=\"euroMinerals\" \/>\n<meta property=\"article:publisher\" content=\"https:\/\/www.facebook.com\/euroMinerals\/?locale=de_DE\" \/>\n<meta property=\"article:modified_time\" content=\"2024-10-31T12:37:46+00:00\" \/>\n<meta name=\"twitter:card\" content=\"summary_large_image\" \/>\n<meta name=\"twitter:label1\" content=\"Est. reading time\" \/>\n\t<meta name=\"twitter:data1\" content=\"7 minutes\" \/>\n<script type=\"application\/ld+json\" class=\"yoast-schema-graph\">{\"@context\":\"https:\/\/schema.org\",\"@graph\":[{\"@type\":\"WebPage\",\"@id\":\"https:\/\/www.euromineralspolska.com\/emulsje-woskowe\/\",\"url\":\"https:\/\/www.euromineralspolska.com\/emulsje-woskowe\/\",\"name\":\"Wax Emulsions | euroMinerals\",\"isPartOf\":{\"@id\":\"https:\/\/www.euromineralspolska.com\/#website\"},\"datePublished\":\"2024-09-16T12:35:57+00:00\",\"dateModified\":\"2024-10-31T12:37:46+00:00\",\"description\":\"Wir bieten hochwertige Mineralien und Rohstoffe f\u00fcr verschiedene Industrien. Mit erstklassigem Service und globaler Expertise sind wir Ihr zuverl\u00e4ssiger Partner f\u00fcr nachhaltige und ma\u00dfgeschneiderte L\u00f6sungen. | euroMinerals\",\"inLanguage\":\"en-US\",\"potentialAction\":[{\"@type\":\"ReadAction\",\"target\":[\"https:\/\/www.euromineralspolska.com\/emulsje-woskowe\/\"]}]},{\"@type\":\"WebSite\",\"@id\":\"https:\/\/www.euromineralspolska.com\/#website\",\"url\":\"https:\/\/www.euromineralspolska.com\/\",\"name\":\"euroMineralspolska\",\"description\":\"From minerals to high-tech products\",\"publisher\":{\"@id\":\"https:\/\/www.euromineralspolska.com\/#organization\"},\"alternateName\":\"euroMinerals\",\"potentialAction\":[{\"@type\":\"SearchAction\",\"target\":{\"@type\":\"EntryPoint\",\"urlTemplate\":\"https:\/\/www.euromineralspolska.com\/?s={search_term_string}\"},\"query-input\":{\"@type\":\"PropertyValueSpecification\",\"valueRequired\":true,\"valueName\":\"search_term_string\"}}],\"inLanguage\":\"en-US\"},{\"@type\":\"Organization\",\"@id\":\"https:\/\/www.euromineralspolska.com\/#organization\",\"name\":\"euroMinerals Polska Sp. z o. o.\",\"url\":\"https:\/\/www.euromineralspolska.com\/\",\"logo\":{\"@type\":\"ImageObject\",\"inLanguage\":\"en-US\",\"@id\":\"https:\/\/www.euromineralspolska.com\/#\/schema\/logo\/image\/\",\"url\":\"https:\/\/www.euromineralspolska.com\/wp-content\/uploads\/2024\/11\/Logo_EuroMinerals_web.png\",\"contentUrl\":\"https:\/\/www.euromineralspolska.com\/wp-content\/uploads\/2024\/11\/Logo_EuroMinerals_web.png\",\"width\":297,\"height\":40,\"caption\":\"euroMinerals Polska Sp. z o. o.\"},\"image\":{\"@id\":\"https:\/\/www.euromineralspolska.com\/#\/schema\/logo\/image\/\"},\"sameAs\":[\"https:\/\/www.facebook.com\/euroMinerals\/?locale=de_DE\"]}]}<\/script>\n<!-- \/ Yoast SEO plugin. -->","yoast_head_json":{"title":"Wax Emulsions | euroMinerals","description":"Wir bieten hochwertige Mineralien und Rohstoffe f\u00fcr verschiedene Industrien. Mit erstklassigem Service und globaler Expertise sind wir Ihr zuverl\u00e4ssiger Partner f\u00fcr nachhaltige und ma\u00dfgeschneiderte L\u00f6sungen. | euroMinerals","robots":{"index":"index","follow":"follow","max-snippet":"max-snippet:-1","max-image-preview":"max-image-preview:large","max-video-preview":"max-video-preview:-1"},"canonical":"https:\/\/www.euromineralspolska.com\/emulsje-woskowe\/","og_locale":"en_US","og_type":"article","og_title":"Wax Emulsions | euroMinerals","og_description":"Wir bieten hochwertige Mineralien und Rohstoffe f\u00fcr verschiedene Industrien. Mit erstklassigem Service und globaler Expertise sind wir Ihr zuverl\u00e4ssiger Partner f\u00fcr nachhaltige und ma\u00dfgeschneiderte L\u00f6sungen. | euroMinerals","og_url":"https:\/\/www.euromineralspolska.com\/emulsje-woskowe\/","og_site_name":"euroMinerals","article_publisher":"https:\/\/www.facebook.com\/euroMinerals\/?locale=de_DE","article_modified_time":"2024-10-31T12:37:46+00:00","twitter_card":"summary_large_image","twitter_misc":{"Est. reading time":"7 minutes"},"schema":{"@context":"https:\/\/schema.org","@graph":[{"@type":"WebPage","@id":"https:\/\/www.euromineralspolska.com\/emulsje-woskowe\/","url":"https:\/\/www.euromineralspolska.com\/emulsje-woskowe\/","name":"Wax Emulsions | euroMinerals","isPartOf":{"@id":"https:\/\/www.euromineralspolska.com\/#website"},"datePublished":"2024-09-16T12:35:57+00:00","dateModified":"2024-10-31T12:37:46+00:00","description":"Wir bieten hochwertige Mineralien und Rohstoffe f\u00fcr verschiedene Industrien. Mit erstklassigem Service und globaler Expertise sind wir Ihr zuverl\u00e4ssiger Partner f\u00fcr nachhaltige und ma\u00dfgeschneiderte L\u00f6sungen. | euroMinerals","inLanguage":"en-US","potentialAction":[{"@type":"ReadAction","target":["https:\/\/www.euromineralspolska.com\/emulsje-woskowe\/"]}]},{"@type":"WebSite","@id":"https:\/\/www.euromineralspolska.com\/#website","url":"https:\/\/www.euromineralspolska.com\/","name":"euroMineralspolska","description":"From minerals to high-tech products","publisher":{"@id":"https:\/\/www.euromineralspolska.com\/#organization"},"alternateName":"euroMinerals","potentialAction":[{"@type":"SearchAction","target":{"@type":"EntryPoint","urlTemplate":"https:\/\/www.euromineralspolska.com\/?s={search_term_string}"},"query-input":{"@type":"PropertyValueSpecification","valueRequired":true,"valueName":"search_term_string"}}],"inLanguage":"en-US"},{"@type":"Organization","@id":"https:\/\/www.euromineralspolska.com\/#organization","name":"euroMinerals Polska Sp. z o. o.","url":"https:\/\/www.euromineralspolska.com\/","logo":{"@type":"ImageObject","inLanguage":"en-US","@id":"https:\/\/www.euromineralspolska.com\/#\/schema\/logo\/image\/","url":"https:\/\/www.euromineralspolska.com\/wp-content\/uploads\/2024\/11\/Logo_EuroMinerals_web.png","contentUrl":"https:\/\/www.euromineralspolska.com\/wp-content\/uploads\/2024\/11\/Logo_EuroMinerals_web.png","width":297,"height":40,"caption":"euroMinerals Polska Sp. z o. o."},"image":{"@id":"https:\/\/www.euromineralspolska.com\/#\/schema\/logo\/image\/"},"sameAs":["https:\/\/www.facebook.com\/euroMinerals\/?locale=de_DE"]}]}},"_links":{"self":[{"href":"https:\/\/www.euromineralspolska.com\/en\/wp-json\/wp\/v2\/pages\/236603"}],"collection":[{"href":"https:\/\/www.euromineralspolska.com\/en\/wp-json\/wp\/v2\/pages"}],"about":[{"href":"https:\/\/www.euromineralspolska.com\/en\/wp-json\/wp\/v2\/types\/page"}],"author":[{"embeddable":true,"href":"https:\/\/www.euromineralspolska.com\/en\/wp-json\/wp\/v2\/users\/7"}],"replies":[{"embeddable":true,"href":"https:\/\/www.euromineralspolska.com\/en\/wp-json\/wp\/v2\/comments?post=236603"}],"version-history":[{"count":11,"href":"https:\/\/www.euromineralspolska.com\/en\/wp-json\/wp\/v2\/pages\/236603\/revisions"}],"predecessor-version":[{"id":238118,"href":"https:\/\/www.euromineralspolska.com\/en\/wp-json\/wp\/v2\/pages\/236603\/revisions\/238118"}],"wp:attachment":[{"href":"https:\/\/www.euromineralspolska.com\/en\/wp-json\/wp\/v2\/media?parent=236603"}],"curies":[{"name":"wp","href":"https:\/\/api.w.org\/{rel}","templated":true}]}}