{"id":979,"date":"2016-12-27T10:03:00","date_gmt":"2016-12-27T09:03:00","guid":{"rendered":"https:\/\/www.eurominerals.at\/\/?page_id=979"},"modified":"2026-03-05T14:08:25","modified_gmt":"2026-03-05T13:08:25","slug":"eurominerals","status":"publish","type":"page","link":"https:\/\/www.euromineralspolska.com\/en\/","title":{"rendered":"euroMinerals"},"content":{"rendered":"<p>[et_pb_section fb_built=&#8221;1&#8243; fullwidth=&#8221;on&#8221; _builder_version=&#8221;3.0.47&#8243;][et_pb_fullwidth_slider _builder_version=&#8221;3.4&#8243; background_position=&#8221;top_left&#8221; custom_padding=&#8221;35%||10%|&#8221; custom_padding_tablet=&#8221;|||&#8221; auto=&#8221;on&#8221; auto_speed=&#8221;4000&#8243;][et_pb_slide heading=&#8221;Women power for euroMinerals Polska&#8221; button_text=&#8221;Contact us&#8221; button_link=&#8221;\/en\/contact\/office\/&#8221; use_bg_overlay=&#8221;on&#8221; use_text_overlay=&#8221;off&#8221; _builder_version=&#8221;3.4&#8243; header_font=&#8221;||||&#8221; body_font=&#8221;||||&#8221; background_color=&#8221;#ffffff&#8221; background_image=&#8221;https:\/\/www.euromineralspolska.com\/wp-content\/uploads\/2024\/11\/eM_polen_KeyVisual_Header1.jpg&#8221; custom_button=&#8221;on&#8221; button_text_color=&#8221;#ffffff&#8221; button_font=&#8221;||||&#8221; button_use_icon=&#8221;on&#8221; button_on_hover=&#8221;on&#8221;][\/et_pb_slide][et_pb_slide heading=&#8221;Chemicals for your needs&#8221; button_text=&#8221;Our products &#038; suppliers&#8221; button_link=&#8221;\/en\/barium-sulphate\/&#8221; use_bg_overlay=&#8221;on&#8221; use_text_overlay=&#8221;off&#8221; _builder_version=&#8221;3.4&#8243; header_font=&#8221;||||&#8221; body_font=&#8221;||||&#8221; background_color=&#8221;#ffffff&#8221; background_image=&#8221;https:\/\/www.euromineralspolska.com\/wp-content\/uploads\/2024\/10\/functional-fillers-tio2-replacement-inbond-header.webp&#8221; custom_button=&#8221;on&#8221; button_text_color=&#8221;#ffffff&#8221; button_font=&#8221;||||&#8221; button_use_icon=&#8221;on&#8221; button_on_hover=&#8221;on&#8221;][\/et_pb_slide][et_pb_slide heading=&#8221;euroMinerals locations&#8221; button_text=&#8221;Corporate website&#8221; button_link=&#8221;https:\/\/www.eurominerals.com&#8221; use_bg_overlay=&#8221;on&#8221; use_text_overlay=&#8221;off&#8221; _builder_version=&#8221;3.4&#8243; header_font=&#8221;||||&#8221; body_font=&#8221;||||&#8221; background_color=&#8221;#ffffff&#8221; background_image=&#8221;https:\/\/www.euromineralspolska.com\/wp-content\/uploads\/2026\/03\/eM_Karte_final_Header-1-scaled.webp&#8221; background_position=&#8221;top_left&#8221; custom_button=&#8221;on&#8221; button_text_color=&#8221;#ffffff&#8221; button_font=&#8221;||||&#8221; button_use_icon=&#8221;on&#8221; button_on_hover=&#8221;on&#8221;][\/et_pb_slide][\/et_pb_fullwidth_slider][\/et_pb_section][et_pb_section fb_built=&#8221;1&#8243; admin_label=&#8221;section&#8221; _builder_version=&#8221;3.4&#8243;][et_pb_row admin_label=&#8221;row&#8221; _builder_version=&#8221;3.0.47&#8243; background_size=&#8221;initial&#8221; background_position=&#8221;top_left&#8221; background_repeat=&#8221;repeat&#8221;][et_pb_column type=&#8221;2_3&#8243; _builder_version=&#8221;3.0.47&#8243; parallax=&#8221;off&#8221; parallax_method=&#8221;on&#8221;][et_pb_text disabled_on=&#8221;off||&#8221; admin_label=&#8221;Einleitungstext&#8221; _builder_version=&#8221;3.4&#8243; background_size=&#8221;initial&#8221; background_position=&#8221;top_left&#8221; background_repeat=&#8221;repeat&#8221; use_border_color=&#8221;off&#8221;]<\/p>\n<h1>euroMinerals Polska Sp. z o. o.<\/h1>\n<h3><em>Women power for euroMinerals<\/em><\/h3>\n<p>euroMinerals Polska operates as a distributor for chemical raw materials with a strong focus on customer relationships and long-term, trustful cooperation. Our expertise ranges from functional minerals, additives, resins for various industries such as coatings, polymers, health care and others.<\/p>\n<p>We are part of the well-known euroMinerals group, which includes producers of mineral fillers and our own talc mine in Slovakia. Our production sites are located in Austria and Spain.\u00a0 There, we also have dynamically operating Research and Development Departments which, in line with the saying: \u2018the real engine of progress is innovation\u2019 (Bill Gates), create new solutions for our customers.<\/p>\n<p>We are firmly established on Polish market, with warehouse capacity and local sales team. According to the motto: \u201cWomen power for euroMinerals\u201d we are able to individually respond to our customers\u2019 requests and challenges by providing technical support and tailored product solutions by three experienced technical sales women.<br \/>\n[\/et_pb_text][\/et_pb_column][et_pb_column type=&#8221;1_3&#8243; _builder_version=&#8221;3.0.47&#8243; parallax=&#8221;off&#8221; parallax_method=&#8221;on&#8221;][\/et_pb_column][\/et_pb_row][\/et_pb_section][et_pb_section fb_built=&#8221;1&#8243; fullwidth=&#8221;on&#8221; _builder_version=&#8221;3.0.47&#8243;][et_pb_fullwidth_image src=&#8221;https:\/\/www.euromineralspolska.com\/\/wp-content\/uploads\/2016\/11\/strich.jpg&#8221; _builder_version=&#8221;3.0.47&#8243; animation_style=&#8221;slide&#8221; animation_direction=&#8221;left&#8221; animation_duration=&#8221;500ms&#8221; animation_intensity_slide=&#8221;10%&#8221; use_border_color=&#8221;off&#8221; border_color=&#8221;#ffffff&#8221; border_style=&#8221;solid&#8221; animation=&#8221;left&#8221;][\/et_pb_fullwidth_image][\/et_pb_section][et_pb_section fb_built=&#8221;1&#8243; custom_padding_last_edited=&#8221;on|desktop&#8221; _builder_version=&#8221;3.0.47&#8243; background_color=&#8221;#ffffff&#8221; background_image=&#8221;https:\/\/www.euromineralspolska.com\/\/wp-content\/uploads\/2016\/12\/hintergrund_gruende_neu.jpg&#8221; parallax=&#8221;on&#8221; parallax_method=&#8221;off&#8221; custom_padding_tablet=&#8221;50px|0|50px|0&#8243; transparent_background=&#8221;off&#8221; padding_mobile=&#8221;off&#8221;][et_pb_row padding_mobile=&#8221;off&#8221; column_padding_mobile=&#8221;on&#8221; parallax_method_1=&#8221;off&#8221; admin_label=&#8221;row&#8221; _builder_version=&#8221;3.0.47&#8243; background_color=&#8221;rgba(255,255,255,0.5)&#8221; background_size=&#8221;initial&#8221; background_position=&#8221;top_left&#8221; background_repeat=&#8221;repeat&#8221;][et_pb_column type=&#8221;4_4&#8243; _builder_version=&#8221;3.0.47&#8243; column_padding_mobile=&#8221;on&#8221; parallax=&#8221;off&#8221; parallax_method=&#8221;off&#8221;][et_pb_text admin_label=&#8221;\u00dcberschrift Gr\u00fcnde&#8221; _builder_version=&#8221;3.4&#8243; background_size=&#8221;initial&#8221; background_position=&#8221;top_left&#8221; background_repeat=&#8221;repeat&#8221; custom_margin=&#8221;|20px||20px&#8221; use_border_color=&#8221;off&#8221;]<\/p>\n<h2>4 Good Reasons for euroMinerals Polska Sp. z o. o.<\/h2>\n<p>[\/et_pb_text][\/et_pb_column][\/et_pb_row][et_pb_row padding_mobile=&#8221;off&#8221; column_padding_mobile=&#8221;on&#8221; parallax_method_1=&#8221;off&#8221; parallax_method_2=&#8221;off&#8221; parallax_method_3=&#8221;off&#8221; parallax_method_4=&#8221;off&#8221; _builder_version=&#8221;3.0.47&#8243; background_color=&#8221;rgba(255,255,255,0.5)&#8221; background_size=&#8221;initial&#8221; background_position=&#8221;top_left&#8221; background_repeat=&#8221;repeat&#8221;][et_pb_column type=&#8221;1_4&#8243; _builder_version=&#8221;3.0.47&#8243; column_padding_mobile=&#8221;on&#8221; parallax=&#8221;off&#8221; parallax_method=&#8221;off&#8221;][et_pb_text admin_label=&#8221;Text Flexibilit\u00e4t&#8221; _builder_version=&#8221;3.4&#8243; background_size=&#8221;initial&#8221; background_position=&#8221;top_left&#8221; background_repeat=&#8221;repeat&#8221; custom_margin=&#8221;|||20px&#8221; use_border_color=&#8221;off&#8221;]<\/p>\n<h3><img loading=\"lazy\" decoding=\"async\" class=\"alignnone wp-image-370\" src=\"https:\/\/www.euromineralspolska.com\/wp-content\/uploads\/2016\/11\/picto_forschung-04-300x300.png\" alt=\"picto_forschung-04\" width=\"100\" height=\"100\" srcset=\"https:\/\/www.euromineralspolska.com\/wp-content\/uploads\/2016\/11\/picto_forschung-04-300x300.png 300w, https:\/\/www.euromineralspolska.com\/wp-content\/uploads\/2016\/11\/picto_forschung-04-150x150.png 150w, https:\/\/www.euromineralspolska.com\/wp-content\/uploads\/2016\/11\/picto_forschung-04.png 567w\" sizes=\"(max-width: 100px) 100vw, 100px\" \/><\/h3>\n<h3>Individual Customers\u2019 Approach<\/h3>\n<p><strong>\u201cFlexibility is our Strength\u201d <\/strong><br \/>\n[\/et_pb_text][\/et_pb_column][et_pb_column type=&#8221;1_4&#8243; _builder_version=&#8221;3.0.47&#8243; column_padding_mobile=&#8221;on&#8221; parallax=&#8221;off&#8221; parallax_method=&#8221;off&#8221;][et_pb_text admin_label=&#8221;Text Qualit\u00e4t&#8221; _builder_version=&#8221;3.4&#8243; background_size=&#8221;initial&#8221; background_position=&#8221;top_left&#8221; background_repeat=&#8221;repeat&#8221; custom_padding_phone=&#8221;|||20px&#8221; custom_padding_last_edited=&#8221;on|phone&#8221; use_border_color=&#8221;off&#8221; border_color=&#8221;#ffffff&#8221; border_style=&#8221;solid&#8221;]<\/p>\n<h3><img loading=\"lazy\" decoding=\"async\" class=\"alignnone wp-image-358\" src=\"https:\/\/www.euromineralspolska.com\/wp-content\/uploads\/2016\/11\/picto_paltentaler-02-300x300.png\" alt=\"picto_paltentaler-02\" width=\"100\" height=\"100\" srcset=\"https:\/\/www.euromineralspolska.com\/wp-content\/uploads\/2016\/11\/picto_paltentaler-02-300x300.png 300w, https:\/\/www.euromineralspolska.com\/wp-content\/uploads\/2016\/11\/picto_paltentaler-02-150x150.png 150w, https:\/\/www.euromineralspolska.com\/wp-content\/uploads\/2016\/11\/picto_paltentaler-02.png 567w\" sizes=\"(max-width: 100px) 100vw, 100px\" \/><\/h3>\n<h3>Highest Quality Standards<\/h3>\n<p><strong>\u201cQuality means Customer Satisfaction\u201d <\/strong><br \/>\n[\/et_pb_text][\/et_pb_column][et_pb_column type=&#8221;1_4&#8243; _builder_version=&#8221;3.0.47&#8243; column_padding_mobile=&#8221;on&#8221; parallax=&#8221;off&#8221; parallax_method=&#8221;off&#8221;][et_pb_text admin_label=&#8221;Text Forschung und Entwicklung&#8221; _builder_version=&#8221;3.4&#8243; background_size=&#8221;initial&#8221; background_position=&#8221;top_left&#8221; background_repeat=&#8221;repeat&#8221; custom_padding_tablet=&#8221;|||20px&#8221; custom_padding_last_edited=&#8221;on|tablet&#8221; use_border_color=&#8221;off&#8221; border_color=&#8221;#ffffff&#8221; border_style=&#8221;solid&#8221;]<\/p>\n<h3><img loading=\"lazy\" decoding=\"async\" class=\"wp-image-357 alignnone\" src=\"https:\/\/www.euromineralspolska.com\/wp-content\/uploads\/2016\/11\/picto_paltentaler-01-300x300.png\" alt=\"picto_paltentaler-01\" width=\"100\" height=\"100\" srcset=\"https:\/\/www.euromineralspolska.com\/wp-content\/uploads\/2016\/11\/picto_paltentaler-01-300x300.png 300w, https:\/\/www.euromineralspolska.com\/wp-content\/uploads\/2016\/11\/picto_paltentaler-01-150x150.png 150w, https:\/\/www.euromineralspolska.com\/wp-content\/uploads\/2016\/11\/picto_paltentaler-01.png 567w\" sizes=\"(max-width: 100px) 100vw, 100px\" \/><\/h3>\n<h3>Technical Support<\/h3>\n<p><strong>\u201cComprehensive Service by experienced Sales Team\u201d<\/strong><br \/>\n[\/et_pb_text][\/et_pb_column][et_pb_column type=&#8221;1_4&#8243; _builder_version=&#8221;3.0.47&#8243; column_padding_mobile=&#8221;on&#8221; parallax=&#8221;off&#8221; parallax_method=&#8221;off&#8221;][et_pb_text admin_label=&#8221;Text Rohstoffe&#8221; _builder_version=&#8221;3.4&#8243; background_size=&#8221;initial&#8221; background_position=&#8221;top_left&#8221; background_repeat=&#8221;repeat&#8221; custom_margin=&#8221;|20px||&#8221; custom_padding_phone=&#8221;|||20px&#8221; custom_padding_last_edited=&#8221;on|phone&#8221; use_border_color=&#8221;off&#8221; border_color=&#8221;#ffffff&#8221; border_style=&#8221;solid&#8221;]<\/p>\n<h3><img loading=\"lazy\" decoding=\"async\" class=\"alignnone wp-image-368\" src=\"https:\/\/www.euromineralspolska.com\/wp-content\/uploads\/2016\/11\/picto_rohstoffe-03-300x300.png\" alt=\"picto_rohstoffe-03\" width=\"100\" height=\"100\" srcset=\"https:\/\/www.euromineralspolska.com\/wp-content\/uploads\/2016\/11\/picto_rohstoffe-03-300x300.png 300w, https:\/\/www.euromineralspolska.com\/wp-content\/uploads\/2016\/11\/picto_rohstoffe-03-150x150.png 150w, https:\/\/www.euromineralspolska.com\/wp-content\/uploads\/2016\/11\/picto_rohstoffe-03.png 567w\" sizes=\"(max-width: 100px) 100vw, 100px\" \/><\/h3>\n<h3>High-Quality Products<\/h3>\n<p><strong>\u201cInnovative Products are the Foundation for Success in the Future\u201d<\/strong><br \/>\n[\/et_pb_text][\/et_pb_column][\/et_pb_row][\/et_pb_section]<\/p>\n","protected":false},"excerpt":{"rendered":"<p>[et_pb_section fb_built=&#8221;1&#8243; fullwidth=&#8221;on&#8221; _builder_version=&#8221;3.0.47&#8243;][et_pb_fullwidth_slider _builder_version=&#8221;3.4&#8243; background_position=&#8221;top_left&#8221; custom_padding=&#8221;35%||10%|&#8221; custom_padding_tablet=&#8221;|||&#8221; auto=&#8221;on&#8221; auto_speed=&#8221;4000&#8243;][et_pb_slide heading=&#8221;Women power for euroMinerals Polska&#8221; button_text=&#8221;Contact us&#8221; button_link=&#8221;\/en\/contact\/office\/&#8221; use_bg_overlay=&#8221;on&#8221; use_text_overlay=&#8221;off&#8221; _builder_version=&#8221;3.4&#8243; header_font=&#8221;||||&#8221; body_font=&#8221;||||&#8221; background_color=&#8221;#ffffff&#8221; background_image=&#8221;https:\/\/www.euromineralspolska.com\/wp-content\/uploads\/2024\/11\/eM_polen_KeyVisual_Header1.jpg&#8221; custom_button=&#8221;on&#8221; button_text_color=&#8221;#ffffff&#8221; button_font=&#8221;||||&#8221; button_use_icon=&#8221;on&#8221; button_on_hover=&#8221;on&#8221;][\/et_pb_slide][et_pb_slide heading=&#8221;Chemicals for your needs&#8221; button_text=&#8221;Our products &#038; suppliers&#8221; button_link=&#8221;\/en\/barium-sulphate\/&#8221; use_bg_overlay=&#8221;on&#8221; use_text_overlay=&#8221;off&#8221; _builder_version=&#8221;3.4&#8243; header_font=&#8221;||||&#8221; body_font=&#8221;||||&#8221; background_color=&#8221;#ffffff&#8221; background_image=&#8221;https:\/\/www.euromineralspolska.com\/wp-content\/uploads\/2024\/10\/functional-fillers-tio2-replacement-inbond-header.webp&#8221; custom_button=&#8221;on&#8221; button_text_color=&#8221;#ffffff&#8221; button_font=&#8221;||||&#8221; button_use_icon=&#8221;on&#8221; button_on_hover=&#8221;on&#8221;][\/et_pb_slide][et_pb_slide heading=&#8221;euroMinerals locations&#8221; button_text=&#8221;Corporate website&#8221; [&hellip;]<\/p>\n","protected":false},"author":2,"featured_media":0,"parent":0,"menu_order":0,"comment_status":"closed","ping_status":"closed","template":"","meta":{"_acf_changed":false,"footnotes":""},"class_list":["post-979","page","type-page","status-publish","hentry"],"acf":[],"yoast_head":"<!-- This site is optimized with the Yoast SEO plugin v23.9 - https:\/\/yoast.com\/wordpress\/plugins\/seo\/ -->\n<title>euroMinerals | euroMinerals<\/title>\n<meta name=\"description\" content=\"Wir bieten hochwertige Mineralien und Rohstoffe f\u00fcr verschiedene Industrien. Mit erstklassigem Service und globaler Expertise sind wir Ihr zuverl\u00e4ssiger Partner f\u00fcr nachhaltige und ma\u00dfgeschneiderte L\u00f6sungen. | euroMinerals\" \/>\n<meta name=\"robots\" content=\"index, follow, max-snippet:-1, max-image-preview:large, max-video-preview:-1\" \/>\n<link rel=\"canonical\" href=\"https:\/\/www.euromineralspolska.com\/en\/\" \/>\n<meta property=\"og:locale\" content=\"en_US\" \/>\n<meta property=\"og:type\" content=\"article\" \/>\n<meta property=\"og:title\" content=\"euroMinerals | euroMinerals\" \/>\n<meta property=\"og:description\" content=\"Wir bieten hochwertige Mineralien und Rohstoffe f\u00fcr verschiedene Industrien. Mit erstklassigem Service und globaler Expertise sind wir Ihr zuverl\u00e4ssiger Partner f\u00fcr nachhaltige und ma\u00dfgeschneiderte L\u00f6sungen. | euroMinerals\" \/>\n<meta property=\"og:url\" content=\"https:\/\/www.euromineralspolska.com\/en\/\" \/>\n<meta property=\"og:site_name\" content=\"euroMinerals\" \/>\n<meta property=\"article:publisher\" content=\"https:\/\/www.facebook.com\/euroMinerals\/?locale=de_DE\" \/>\n<meta property=\"article:modified_time\" content=\"2026-03-05T13:08:25+00:00\" \/>\n<meta property=\"og:image\" content=\"https:\/\/www.euromineralspolska.com\/wp-content\/uploads\/2016\/11\/picto_forschung-04-300x300.png\" \/>\n<meta name=\"twitter:card\" content=\"summary_large_image\" \/>\n<meta name=\"twitter:label1\" content=\"Est. reading time\" \/>\n\t<meta name=\"twitter:data1\" content=\"3 minutes\" \/>\n<script type=\"application\/ld+json\" class=\"yoast-schema-graph\">{\"@context\":\"https:\/\/schema.org\",\"@graph\":[{\"@type\":\"WebPage\",\"@id\":\"https:\/\/www.euromineralspolska.com\/en\/\",\"url\":\"https:\/\/www.euromineralspolska.com\/en\/\",\"name\":\"euroMinerals | euroMinerals\",\"isPartOf\":{\"@id\":\"https:\/\/www.euromineralspolska.com\/#website\"},\"primaryImageOfPage\":{\"@id\":\"https:\/\/www.euromineralspolska.com\/en\/#primaryimage\"},\"image\":{\"@id\":\"https:\/\/www.euromineralspolska.com\/en\/#primaryimage\"},\"thumbnailUrl\":\"https:\/\/www.euromineralspolska.com\/wp-content\/uploads\/2016\/11\/picto_forschung-04-300x300.png\",\"datePublished\":\"2016-12-27T09:03:00+00:00\",\"dateModified\":\"2026-03-05T13:08:25+00:00\",\"description\":\"Wir bieten hochwertige Mineralien und Rohstoffe f\u00fcr verschiedene Industrien. Mit erstklassigem Service und globaler Expertise sind wir Ihr zuverl\u00e4ssiger Partner f\u00fcr nachhaltige und ma\u00dfgeschneiderte L\u00f6sungen. | euroMinerals\",\"inLanguage\":\"en-US\",\"potentialAction\":[{\"@type\":\"ReadAction\",\"target\":[\"https:\/\/www.euromineralspolska.com\/en\/\"]}]},{\"@type\":\"ImageObject\",\"inLanguage\":\"en-US\",\"@id\":\"https:\/\/www.euromineralspolska.com\/en\/#primaryimage\",\"url\":\"https:\/\/www.euromineralspolska.com\/wp-content\/uploads\/2016\/11\/picto_forschung-04-300x300.png\",\"contentUrl\":\"https:\/\/www.euromineralspolska.com\/wp-content\/uploads\/2016\/11\/picto_forschung-04-300x300.png\"},{\"@type\":\"WebSite\",\"@id\":\"https:\/\/www.euromineralspolska.com\/#website\",\"url\":\"https:\/\/www.euromineralspolska.com\/\",\"name\":\"euroMineralspolska\",\"description\":\"From minerals to high-tech products\",\"publisher\":{\"@id\":\"https:\/\/www.euromineralspolska.com\/#organization\"},\"alternateName\":\"euroMinerals\",\"potentialAction\":[{\"@type\":\"SearchAction\",\"target\":{\"@type\":\"EntryPoint\",\"urlTemplate\":\"https:\/\/www.euromineralspolska.com\/?s={search_term_string}\"},\"query-input\":{\"@type\":\"PropertyValueSpecification\",\"valueRequired\":true,\"valueName\":\"search_term_string\"}}],\"inLanguage\":\"en-US\"},{\"@type\":\"Organization\",\"@id\":\"https:\/\/www.euromineralspolska.com\/#organization\",\"name\":\"euroMinerals Polska Sp. z o. o.\",\"url\":\"https:\/\/www.euromineralspolska.com\/\",\"logo\":{\"@type\":\"ImageObject\",\"inLanguage\":\"en-US\",\"@id\":\"https:\/\/www.euromineralspolska.com\/#\/schema\/logo\/image\/\",\"url\":\"https:\/\/www.euromineralspolska.com\/wp-content\/uploads\/2024\/11\/Logo_EuroMinerals_web.png\",\"contentUrl\":\"https:\/\/www.euromineralspolska.com\/wp-content\/uploads\/2024\/11\/Logo_EuroMinerals_web.png\",\"width\":297,\"height\":40,\"caption\":\"euroMinerals Polska Sp. z o. o.\"},\"image\":{\"@id\":\"https:\/\/www.euromineralspolska.com\/#\/schema\/logo\/image\/\"},\"sameAs\":[\"https:\/\/www.facebook.com\/euroMinerals\/?locale=de_DE\"]}]}<\/script>\n<!-- \/ Yoast SEO plugin. -->","yoast_head_json":{"title":"euroMinerals | euroMinerals","description":"Wir bieten hochwertige Mineralien und Rohstoffe f\u00fcr verschiedene Industrien. Mit erstklassigem Service und globaler Expertise sind wir Ihr zuverl\u00e4ssiger Partner f\u00fcr nachhaltige und ma\u00dfgeschneiderte L\u00f6sungen. | euroMinerals","robots":{"index":"index","follow":"follow","max-snippet":"max-snippet:-1","max-image-preview":"max-image-preview:large","max-video-preview":"max-video-preview:-1"},"canonical":"https:\/\/www.euromineralspolska.com\/en\/","og_locale":"en_US","og_type":"article","og_title":"euroMinerals | euroMinerals","og_description":"Wir bieten hochwertige Mineralien und Rohstoffe f\u00fcr verschiedene Industrien. Mit erstklassigem Service und globaler Expertise sind wir Ihr zuverl\u00e4ssiger Partner f\u00fcr nachhaltige und ma\u00dfgeschneiderte L\u00f6sungen. | euroMinerals","og_url":"https:\/\/www.euromineralspolska.com\/en\/","og_site_name":"euroMinerals","article_publisher":"https:\/\/www.facebook.com\/euroMinerals\/?locale=de_DE","article_modified_time":"2026-03-05T13:08:25+00:00","og_image":[{"url":"https:\/\/www.euromineralspolska.com\/wp-content\/uploads\/2016\/11\/picto_forschung-04-300x300.png"}],"twitter_card":"summary_large_image","twitter_misc":{"Est. reading time":"3 minutes"},"schema":{"@context":"https:\/\/schema.org","@graph":[{"@type":"WebPage","@id":"https:\/\/www.euromineralspolska.com\/en\/","url":"https:\/\/www.euromineralspolska.com\/en\/","name":"euroMinerals | euroMinerals","isPartOf":{"@id":"https:\/\/www.euromineralspolska.com\/#website"},"primaryImageOfPage":{"@id":"https:\/\/www.euromineralspolska.com\/en\/#primaryimage"},"image":{"@id":"https:\/\/www.euromineralspolska.com\/en\/#primaryimage"},"thumbnailUrl":"https:\/\/www.euromineralspolska.com\/wp-content\/uploads\/2016\/11\/picto_forschung-04-300x300.png","datePublished":"2016-12-27T09:03:00+00:00","dateModified":"2026-03-05T13:08:25+00:00","description":"Wir bieten hochwertige Mineralien und Rohstoffe f\u00fcr verschiedene Industrien. Mit erstklassigem Service und globaler Expertise sind wir Ihr zuverl\u00e4ssiger Partner f\u00fcr nachhaltige und ma\u00dfgeschneiderte L\u00f6sungen. | euroMinerals","inLanguage":"en-US","potentialAction":[{"@type":"ReadAction","target":["https:\/\/www.euromineralspolska.com\/en\/"]}]},{"@type":"ImageObject","inLanguage":"en-US","@id":"https:\/\/www.euromineralspolska.com\/en\/#primaryimage","url":"https:\/\/www.euromineralspolska.com\/wp-content\/uploads\/2016\/11\/picto_forschung-04-300x300.png","contentUrl":"https:\/\/www.euromineralspolska.com\/wp-content\/uploads\/2016\/11\/picto_forschung-04-300x300.png"},{"@type":"WebSite","@id":"https:\/\/www.euromineralspolska.com\/#website","url":"https:\/\/www.euromineralspolska.com\/","name":"euroMineralspolska","description":"From minerals to high-tech products","publisher":{"@id":"https:\/\/www.euromineralspolska.com\/#organization"},"alternateName":"euroMinerals","potentialAction":[{"@type":"SearchAction","target":{"@type":"EntryPoint","urlTemplate":"https:\/\/www.euromineralspolska.com\/?s={search_term_string}"},"query-input":{"@type":"PropertyValueSpecification","valueRequired":true,"valueName":"search_term_string"}}],"inLanguage":"en-US"},{"@type":"Organization","@id":"https:\/\/www.euromineralspolska.com\/#organization","name":"euroMinerals Polska Sp. z o. o.","url":"https:\/\/www.euromineralspolska.com\/","logo":{"@type":"ImageObject","inLanguage":"en-US","@id":"https:\/\/www.euromineralspolska.com\/#\/schema\/logo\/image\/","url":"https:\/\/www.euromineralspolska.com\/wp-content\/uploads\/2024\/11\/Logo_EuroMinerals_web.png","contentUrl":"https:\/\/www.euromineralspolska.com\/wp-content\/uploads\/2024\/11\/Logo_EuroMinerals_web.png","width":297,"height":40,"caption":"euroMinerals Polska Sp. z o. o."},"image":{"@id":"https:\/\/www.euromineralspolska.com\/#\/schema\/logo\/image\/"},"sameAs":["https:\/\/www.facebook.com\/euroMinerals\/?locale=de_DE"]}]}},"_links":{"self":[{"href":"https:\/\/www.euromineralspolska.com\/en\/wp-json\/wp\/v2\/pages\/979"}],"collection":[{"href":"https:\/\/www.euromineralspolska.com\/en\/wp-json\/wp\/v2\/pages"}],"about":[{"href":"https:\/\/www.euromineralspolska.com\/en\/wp-json\/wp\/v2\/types\/page"}],"author":[{"embeddable":true,"href":"https:\/\/www.euromineralspolska.com\/en\/wp-json\/wp\/v2\/users\/2"}],"replies":[{"embeddable":true,"href":"https:\/\/www.euromineralspolska.com\/en\/wp-json\/wp\/v2\/comments?post=979"}],"version-history":[{"count":165,"href":"https:\/\/www.euromineralspolska.com\/en\/wp-json\/wp\/v2\/pages\/979\/revisions"}],"predecessor-version":[{"id":239448,"href":"https:\/\/www.euromineralspolska.com\/en\/wp-json\/wp\/v2\/pages\/979\/revisions\/239448"}],"wp:attachment":[{"href":"https:\/\/www.euromineralspolska.com\/en\/wp-json\/wp\/v2\/media?parent=979"}],"curies":[{"name":"wp","href":"https:\/\/api.w.org\/{rel}","templated":true}]}}